{"id":12362,"date":"2018-12-10T04:55:29","date_gmt":"2018-12-10T04:55:29","guid":{"rendered":"https:\/\/latinspirittravel.com\/contactanos\/"},"modified":"2025-10-17T21:07:19","modified_gmt":"2025-10-17T21:07:19","slug":"contactanos","status":"publish","type":"page","link":"https:\/\/latinspirittravel.com\/es\/contactanos\/","title":{"rendered":"Cont\u00e1ctanos"},"content":{"rendered":"\t\t<div data-elementor-type=\"wp-page\" data-elementor-id=\"12362\" class=\"elementor elementor-12362 elementor-8088\" data-elementor-post-type=\"page\">\n\t\t\t\t<div class=\"elementor-element elementor-element-58d82f5c e-con-full e-flex e-con e-parent\" data-id=\"58d82f5c\" data-element_type=\"container\" data-e-type=\"container\">\n\t\t\t\t<div class=\"elementor-element elementor-element-14ef6ad3 elementor-widget__width-inherit elementor-widget elementor-widget-google_maps\" data-id=\"14ef6ad3\" data-element_type=\"widget\" data-e-type=\"widget\" data-widget_type=\"google_maps.default\">\n\t\t\t\t<div class=\"elementor-widget-container\">\n\t\t\t\t\t\t\t<div class=\"elementor-custom-embed\">\n\t\t\t<iframe loading=\"lazy\"\n\t\t\t\t\tsrc=\"https:\/\/www.google.com\/maps\/embed\/v1\/place?key=AIzaSyBy2hUVqHnXSYjILrUBK1qjxKEpzybJ33w&#038;q=latin%20spirit%20travel&#038;zoom=14\"\n\t\t\t\t\ttitle=\"latin spirit travel\"\n\t\t\t\t\taria-label=\"latin spirit travel\"\n\t\t\t><\/iframe>\n\t\t<\/div>\n\t\t\t\t\t\t<\/div>\n\t\t\t\t<\/div>\n\t\t\t\t<div class=\"elementor-element elementor-element-3a7498b elementor-widget elementor-widget-spacer\" data-id=\"3a7498b\" data-element_type=\"widget\" data-e-type=\"widget\" data-widget_type=\"spacer.default\">\n\t\t\t\t<div class=\"elementor-widget-container\">\n\t\t\t\t\t\t\t<div class=\"elementor-spacer\">\n\t\t\t<div class=\"elementor-spacer-inner\"><\/div>\n\t\t<\/div>\n\t\t\t\t\t\t<\/div>\n\t\t\t\t<\/div>\n\t\t<div class=\"elementor-element elementor-element-cf56bcd e-con-full e-flex e-con e-child\" data-id=\"cf56bcd\" data-element_type=\"container\" data-e-type=\"container\">\n\t\t\t\t<div class=\"elementor-element elementor-element-569df78 elementor-widget__width-initial elementor-widget elementor-widget-heading\" data-id=\"569df78\" data-element_type=\"widget\" data-e-type=\"widget\" data-widget_type=\"heading.default\">\n\t\t\t\t<div class=\"elementor-widget-container\">\n\t\t\t\t\t<h1 class=\"elementor-heading-title elementor-size-default\">\u00bfC\u00f3mo puedo <br><b>ayudarte?<\/b><\/h1>\t\t\t\t<\/div>\n\t\t\t\t<\/div>\n\t\t<div class=\"elementor-element elementor-element-10024d1 e-con-full e-flex e-con e-child\" data-id=\"10024d1\" data-element_type=\"container\" data-e-type=\"container\" data-settings=\"{&quot;animation&quot;:&quot;none&quot;}\">\n\t\t<div class=\"elementor-element elementor-element-7df3be7 e-con-full e-flex e-con e-child\" data-id=\"7df3be7\" data-element_type=\"container\" data-e-type=\"container\" data-settings=\"{&quot;animation&quot;:&quot;none&quot;}\">\n\t\t\t\t<div class=\"elementor-element elementor-element-9dc03fe elementor-widget elementor-widget-heading\" data-id=\"9dc03fe\" data-element_type=\"widget\" data-e-type=\"widget\" data-widget_type=\"heading.default\">\n\t\t\t\t<div class=\"elementor-widget-container\">\n\t\t\t\t\t<h3 class=\"elementor-heading-title elementor-size-default\">Tel\u00e9fonos<\/h3>\t\t\t\t<\/div>\n\t\t\t\t<\/div>\n\t\t\t\t<div class=\"elementor-element elementor-element-2e50c19 elementor-icon-list--layout-traditional elementor-list-item-link-full_width elementor-widget elementor-widget-icon-list\" data-id=\"2e50c19\" data-element_type=\"widget\" data-e-type=\"widget\" data-widget_type=\"icon-list.default\">\n\t\t\t\t<div class=\"elementor-widget-container\">\n\t\t\t\t\t\t\t<ul class=\"elementor-icon-list-items\">\n\t\t\t\t\t\t\t<li class=\"elementor-icon-list-item\">\n\t\t\t\t\t\t\t\t\t\t\t<a href=\"https:\/\/wa.me\/19179944541%20\" target=\"_blank\" rel=\"noopener\">\n\n\t\t\t\t\t\t\t\t\t\t\t<span class=\"elementor-icon-list-text\">WhatsApp #1 (Llamada\/Texto): +1(917)994-4541<\/span>\n\t\t\t\t\t\t\t\t\t\t\t<\/a>\n\t\t\t\t\t\t\t\t\t<\/li>\n\t\t\t\t\t\t<\/ul>\n\t\t\t\t\t\t<\/div>\n\t\t\t\t<\/div>\n\t\t\t\t<div class=\"elementor-element elementor-element-6c8edde elementor-icon-list--layout-traditional elementor-list-item-link-full_width elementor-widget elementor-widget-icon-list\" data-id=\"6c8edde\" data-element_type=\"widget\" data-e-type=\"widget\" data-widget_type=\"icon-list.default\">\n\t\t\t\t<div class=\"elementor-widget-container\">\n\t\t\t\t\t\t\t<ul class=\"elementor-icon-list-items\">\n\t\t\t\t\t\t\t<li class=\"elementor-icon-list-item\">\n\t\t\t\t\t\t\t\t\t\t\t<a href=\"https:\/\/wa.me\/12016241910\" target=\"_blank\" rel=\"noopener\">\n\n\t\t\t\t\t\t\t\t\t\t\t<span class=\"elementor-icon-list-text\"> WhatsApp #2 (Llamada\/Texto): +1(201)624-1910<\/span>\n\t\t\t\t\t\t\t\t\t\t\t<\/a>\n\t\t\t\t\t\t\t\t\t<\/li>\n\t\t\t\t\t\t<\/ul>\n\t\t\t\t\t\t<\/div>\n\t\t\t\t<\/div>\n\t\t\t\t<div class=\"elementor-element elementor-element-07a0f40 elementor-widget elementor-widget-spacer\" data-id=\"07a0f40\" data-element_type=\"widget\" data-e-type=\"widget\" data-widget_type=\"spacer.default\">\n\t\t\t\t<div class=\"elementor-widget-container\">\n\t\t\t\t\t\t\t<div class=\"elementor-spacer\">\n\t\t\t<div class=\"elementor-spacer-inner\"><\/div>\n\t\t<\/div>\n\t\t\t\t\t\t<\/div>\n\t\t\t\t<\/div>\n\t\t\t\t<div class=\"elementor-element elementor-element-7af7d69 elementor-icon-list--layout-traditional elementor-list-item-link-full_width elementor-widget elementor-widget-icon-list\" data-id=\"7af7d69\" data-element_type=\"widget\" data-e-type=\"widget\" data-widget_type=\"icon-list.default\">\n\t\t\t\t<div class=\"elementor-widget-container\">\n\t\t\t\t\t\t\t<ul class=\"elementor-icon-list-items\">\n\t\t\t\t\t\t\t<li class=\"elementor-icon-list-item\">\n\t\t\t\t\t\t\t\t\t\t<span class=\"elementor-icon-list-text\">Ll\u00e1manos 24\/7 al (888)966-6510 - EE. UU., Canad\u00e1 y M\u00e9xico.<\/span>\n\t\t\t\t\t\t\t\t\t<\/li>\n\t\t\t\t\t\t<\/ul>\n\t\t\t\t\t\t<\/div>\n\t\t\t\t<\/div>\n\t\t\t\t<\/div>\n\t\t<div class=\"elementor-element elementor-element-bdb2393 e-con-full e-flex e-con e-child\" data-id=\"bdb2393\" data-element_type=\"container\" data-e-type=\"container\" data-settings=\"{&quot;animation&quot;:&quot;none&quot;,&quot;animation_delay&quot;:200}\">\n\t\t\t\t<div class=\"elementor-element elementor-element-4de7af1 elementor-widget elementor-widget-heading\" data-id=\"4de7af1\" data-element_type=\"widget\" data-e-type=\"widget\" data-widget_type=\"heading.default\">\n\t\t\t\t<div class=\"elementor-widget-container\">\n\t\t\t\t\t<h3 class=\"elementor-heading-title elementor-size-default\">Direcci\u00f3n<\/h3>\t\t\t\t<\/div>\n\t\t\t\t<\/div>\n\t\t\t\t<div class=\"elementor-element elementor-element-38df7b9 elementor-widget elementor-widget-text-editor\" data-id=\"38df7b9\" data-element_type=\"widget\" data-e-type=\"widget\" data-widget_type=\"text-editor.default\">\n\t\t\t\t<div class=\"elementor-widget-container\">\n\t\t\t\t\t\t\t\t\t<p><span style=\"color: #000000; font-size: 14pt;\"><a style=\"color: #000000;\" href=\"https:\/\/maps.app.goo.gl\/k1sfKYXskF9XCkEs5\" target=\"_blank\" rel=\"noopener\">4329 Bergenline Ave, 2.\u00ba piso, Union City, NJ 07087, Estados Unidos<\/a><\/span><\/p>\t\t\t\t\t\t\t\t<\/div>\n\t\t\t\t<\/div>\n\t\t\t\t<\/div>\n\t\t<div class=\"elementor-element elementor-element-583af25 e-con-full e-flex e-con e-child\" data-id=\"583af25\" data-element_type=\"container\" data-e-type=\"container\" data-settings=\"{&quot;animation&quot;:&quot;none&quot;,&quot;animation_delay&quot;:400}\">\n\t\t\t\t<div class=\"elementor-element elementor-element-8ca685d elementor-widget elementor-widget-heading\" data-id=\"8ca685d\" data-element_type=\"widget\" data-e-type=\"widget\" data-widget_type=\"heading.default\">\n\t\t\t\t<div class=\"elementor-widget-container\">\n\t\t\t\t\t<h3 class=\"elementor-heading-title elementor-size-default\">Email<\/h3>\t\t\t\t<\/div>\n\t\t\t\t<\/div>\n\t\t\t\t<div class=\"elementor-element elementor-element-97cc568 elementor-icon-list--layout-traditional elementor-list-item-link-full_width elementor-widget elementor-widget-icon-list\" data-id=\"97cc568\" data-element_type=\"widget\" data-e-type=\"widget\" data-widget_type=\"icon-list.default\">\n\t\t\t\t<div class=\"elementor-widget-container\">\n\t\t\t\t\t\t\t<ul class=\"elementor-icon-list-items\">\n\t\t\t\t\t\t\t<li class=\"elementor-icon-list-item\">\n\t\t\t\t\t\t\t\t\t\t<span class=\"elementor-icon-list-text\">sales@LatinSpiritTravel.com<\/span>\n\t\t\t\t\t\t\t\t\t<\/li>\n\t\t\t\t\t\t<\/ul>\n\t\t\t\t\t\t<\/div>\n\t\t\t\t<\/div>\n\t\t\t\t<\/div>\n\t\t\t\t<\/div>\n\t\t\t\t<\/div>\n\t\t\t\t<\/div>\n\t\t<div class=\"elementor-element elementor-element-055232c e-flex e-con-boxed e-con e-parent\" data-id=\"055232c\" data-element_type=\"container\" data-e-type=\"container\">\n\t\t\t\t\t<div class=\"e-con-inner\">\n\t\t\t\t<div class=\"elementor-element elementor-element-3634ccf9 elementor-widget elementor-widget-image\" data-id=\"3634ccf9\" data-element_type=\"widget\" data-e-type=\"widget\" data-widget_type=\"image.default\">\n\t\t\t\t<div class=\"elementor-widget-container\">\n\t\t\t\t\t\t\t\t\t\t\t\t\t\t\t<img fetchpriority=\"high\" decoding=\"async\" width=\"1200\" height=\"900\" src=\"https:\/\/latinspirittravel.com\/wp-content\/uploads\/2024\/07\/contact-us-lst-1.png\" class=\"attachment-full size-full wp-image-35231\" alt=\"cont\u00e1ctanos latin spirit travel\" srcset=\"https:\/\/latinspirittravel.com\/wp-content\/uploads\/2024\/07\/contact-us-lst-1.png 1200w, https:\/\/latinspirittravel.com\/wp-content\/uploads\/2024\/07\/contact-us-lst-1-800x600.png 800w, https:\/\/latinspirittravel.com\/wp-content\/uploads\/2024\/07\/contact-us-lst-1-400x300.png 400w, https:\/\/latinspirittravel.com\/wp-content\/uploads\/2024\/07\/contact-us-lst-1-768x576.png 768w, https:\/\/latinspirittravel.com\/wp-content\/uploads\/2024\/07\/contact-us-lst-1-600x450.png 600w\" sizes=\"(max-width: 1200px) 100vw, 1200px\" \/>\t\t\t\t\t\t\t\t\t\t\t\t\t\t\t<\/div>\n\t\t\t\t<\/div>\n\t\t\t\t\t<\/div>\n\t\t\t\t<\/div>\n\t\t<div class=\"elementor-element elementor-element-3f6dbe6 e-grid e-con-boxed e-con e-parent\" data-id=\"3f6dbe6\" data-element_type=\"container\" data-e-type=\"container\">\n\t\t\t\t\t<div class=\"e-con-inner\">\n\t\t\t\t<div class=\"elementor-element elementor-element-96077cb elementor-widget elementor-widget-image\" data-id=\"96077cb\" data-element_type=\"widget\" data-e-type=\"widget\" data-widget_type=\"image.default\">\n\t\t\t\t<div class=\"elementor-widget-container\">\n\t\t\t\t\t\t\t\t\t\t\t\t\t\t\t\t<a href=\"https:\/\/maps.app.goo.gl\/k1sfKYXskF9XCkEs5\" target=\"_blank\" rel=\"noopener\">\n\t\t\t\t\t\t\t<img decoding=\"async\" width=\"3840\" height=\"2160\" src=\"https:\/\/latinspirittravel.com\/wp-content\/uploads\/2024\/08\/Google-Review-Logo-lst.png\" class=\"attachment-full size-full wp-image-47997\" alt=\"latin spirit travel google review\" srcset=\"https:\/\/latinspirittravel.com\/wp-content\/uploads\/2024\/08\/Google-Review-Logo-lst.png 3840w, https:\/\/latinspirittravel.com\/wp-content\/uploads\/2024\/08\/Google-Review-Logo-lst-768x432.png 768w, https:\/\/latinspirittravel.com\/wp-content\/uploads\/2024\/08\/Google-Review-Logo-lst-600x337.png 600w\" sizes=\"(max-width: 3840px) 100vw, 3840px\" \/>\t\t\t\t\t\t\t\t<\/a>\n\t\t\t\t\t\t\t\t\t\t\t\t\t\t\t<\/div>\n\t\t\t\t<\/div>\n\t\t\t\t<div class=\"elementor-element elementor-element-35744cb elementor-widget elementor-widget-image\" data-id=\"35744cb\" data-element_type=\"widget\" data-e-type=\"widget\" data-widget_type=\"image.default\">\n\t\t\t\t<div class=\"elementor-widget-container\">\n\t\t\t\t\t\t\t\t\t\t\t\t\t\t\t\t<a href=\"https:\/\/www.trustpilot.com\/review\/latinspirittravel.com\" target=\"_blank\">\n\t\t\t\t\t\t\t<img decoding=\"async\" width=\"600\" height=\"259\" src=\"https:\/\/latinspirittravel.com\/wp-content\/uploads\/2024\/08\/trustpilot-logo-lst.png\" class=\"attachment-full size-full wp-image-47998\" alt=\"\" srcset=\"https:\/\/latinspirittravel.com\/wp-content\/uploads\/2024\/08\/trustpilot-logo-lst.png 600w, https:\/\/latinspirittravel.com\/wp-content\/uploads\/2024\/08\/trustpilot-logo-lst-768x331.png 768w\" sizes=\"(max-width: 600px) 100vw, 600px\" \/>\t\t\t\t\t\t\t\t<\/a>\n\t\t\t\t\t\t\t\t\t\t\t\t\t\t\t<\/div>\n\t\t\t\t<\/div>\n\t\t\t\t<div class=\"elementor-element elementor-element-9e66b89 elementor-widget elementor-widget-image\" data-id=\"9e66b89\" data-element_type=\"widget\" data-e-type=\"widget\" data-widget_type=\"image.default\">\n\t\t\t\t<div class=\"elementor-widget-container\">\n\t\t\t\t\t\t\t\t\t\t\t\t\t\t\t\t<a href=\"https:\/\/www.yelp.com\/biz\/latin-spirit-travel-and-tours-union-city\" target=\"_blank\" rel=\"noopener\">\n\t\t\t\t\t\t\t<img loading=\"lazy\" decoding=\"async\" width=\"225\" height=\"225\" src=\"https:\/\/latinspirittravel.com\/wp-content\/uploads\/2025\/04\/yelp-latin-spirit-travel-and-tours.png\" class=\"attachment-full size-full wp-image-47315\" alt=\"yelp latin spirit travel and tours\" srcset=\"https:\/\/latinspirittravel.com\/wp-content\/uploads\/2025\/04\/yelp-latin-spirit-travel-and-tours.png 225w, https:\/\/latinspirittravel.com\/wp-content\/uploads\/2025\/04\/yelp-latin-spirit-travel-and-tours-768x768.png 768w, https:\/\/latinspirittravel.com\/wp-content\/uploads\/2025\/04\/yelp-latin-spirit-travel-and-tours-1536x1536.png 1536w, https:\/\/latinspirittravel.com\/wp-content\/uploads\/2025\/04\/yelp-latin-spirit-travel-and-tours-2048x2048.png 2048w, https:\/\/latinspirittravel.com\/wp-content\/uploads\/2025\/04\/yelp-latin-spirit-travel-and-tours-300x300.png 300w, https:\/\/latinspirittravel.com\/wp-content\/uploads\/2025\/04\/yelp-latin-spirit-travel-and-tours-600x600.png 600w, https:\/\/latinspirittravel.com\/wp-content\/uploads\/2025\/04\/yelp-latin-spirit-travel-and-tours-100x100.png 100w\" sizes=\"(max-width: 225px) 100vw, 225px\" \/>\t\t\t\t\t\t\t\t<\/a>\n\t\t\t\t\t\t\t\t\t\t\t\t\t\t\t<\/div>\n\t\t\t\t<\/div>\n\t\t\t\t\t<\/div>\n\t\t\t\t<\/div>\n\t\t\t\t<\/div>\n\t\t","protected":false},"excerpt":{"rendered":"<p>\u00bfC\u00f3mo puedo ayudarte? Tel\u00e9fonos WhatsApp #1 (Llamada\/Texto): +1(917)994-4541 WhatsApp #2 (Llamada\/Texto): +1(201)624-1910 Ll\u00e1manos 24\/7 al (888)966-6510 &#8211; EE. UU., Canad\u00e1 y M\u00e9xico. Direcci\u00f3n 4329 Bergenline Ave, 2.\u00ba piso, Union City, NJ 07087, Estados Unidos Email sales@LatinSpiritTravel.com<\/p>\n","protected":false},"author":1,"featured_media":11513,"parent":0,"menu_order":0,"comment_status":"closed","ping_status":"closed","template":"elementor_header_footer","meta":{"footnotes":""},"class_list":["post-12362","page","type-page","status-publish","has-post-thumbnail","hentry"],"_links":{"self":[{"href":"https:\/\/latinspirittravel.com\/es\/wp-json\/wp\/v2\/pages\/12362","targetHints":{"allow":["GET"]}}],"collection":[{"href":"https:\/\/latinspirittravel.com\/es\/wp-json\/wp\/v2\/pages"}],"about":[{"href":"https:\/\/latinspirittravel.com\/es\/wp-json\/wp\/v2\/types\/page"}],"author":[{"embeddable":true,"href":"https:\/\/latinspirittravel.com\/es\/wp-json\/wp\/v2\/users\/1"}],"replies":[{"embeddable":true,"href":"https:\/\/latinspirittravel.com\/es\/wp-json\/wp\/v2\/comments?post=12362"}],"version-history":[{"count":0,"href":"https:\/\/latinspirittravel.com\/es\/wp-json\/wp\/v2\/pages\/12362\/revisions"}],"wp:featuredmedia":[{"embeddable":true,"href":"https:\/\/latinspirittravel.com\/es\/wp-json\/wp\/v2\/media\/11513"}],"wp:attachment":[{"href":"https:\/\/latinspirittravel.com\/es\/wp-json\/wp\/v2\/media?parent=12362"}],"curies":[{"name":"wp","href":"https:\/\/api.w.org\/{rel}","templated":true}]}}