{"id":26953,"date":"2024-04-22T13:52:07","date_gmt":"2024-04-22T13:52:07","guid":{"rendered":"https:\/\/latinspirittravel.com\/acerca-de-nosotros-2\/"},"modified":"2025-06-08T10:15:36","modified_gmt":"2025-06-08T10:15:36","slug":"acerca-de-nosotras","status":"publish","type":"page","link":"https:\/\/latinspirittravel.com\/es\/acerca-de-nosotras\/","title":{"rendered":"Acerca de Nosotras"},"content":{"rendered":"\t\t<div data-elementor-type=\"wp-page\" data-elementor-id=\"26953\" class=\"elementor elementor-26953 elementor-26916\" data-elementor-post-type=\"page\">\n\t\t\t\t<div class=\"elementor-element elementor-element-5600313a e-flex e-con-boxed e-con e-parent\" data-id=\"5600313a\" data-element_type=\"container\" data-e-type=\"container\">\n\t\t\t\t\t<div class=\"e-con-inner\">\n\t\t<div class=\"elementor-element elementor-element-33a0ca57 e-con-full e-flex e-con e-child\" data-id=\"33a0ca57\" data-element_type=\"container\" data-e-type=\"container\">\n\t\t\t\t<div class=\"elementor-element elementor-element-1ce20738 elementor-widget elementor-widget-heading\" data-id=\"1ce20738\" data-element_type=\"widget\" data-e-type=\"widget\" data-widget_type=\"heading.default\">\n\t\t\t\t<div class=\"elementor-widget-container\">\n\t\t\t\t\t<h1 class=\"elementor-heading-title elementor-size-default\">Acerca de Nosotras<\/h1>\t\t\t\t<\/div>\n\t\t\t\t<\/div>\n\t\t\t\t<div class=\"elementor-element elementor-element-569228a6 elementor-widget elementor-widget-text-editor\" data-id=\"569228a6\" data-element_type=\"widget\" data-e-type=\"widget\" data-widget_type=\"text-editor.default\">\n\t\t\t\t<div class=\"elementor-widget-container\">\n\t\t\t\t\t\t\t\t\t<p><span style=\"font-family: tahoma, arial, helvetica, sans-serif; font-size: 12pt; color: #000000;\">En 2004, la CEO Mariuxi Qui\u00f1\u00f3nez fund\u00f3 la empresa de viajes Latin Spirit Travel &amp; Tours, apoyada en su pasi\u00f3n por servir a las personas y explorar nuevos destinos y culturas.<\/span><\/p><p><span style=\"font-family: tahoma, arial, helvetica, sans-serif; font-size: 12pt; color: #000000;\">Su deseo de brindar soluciones de viajes llev\u00f3 al \u00e9xito del negocio.<\/span><\/p><p><span style=\"font-family: tahoma, arial, helvetica, sans-serif; font-size: 12pt; color: #000000;\">Ella y todo el equipo de agentes de viajes dedicados ofrecen servicios de viajes personalizados basados en las necesidades espec\u00edficas del cliente.<\/span><\/p>\t\t\t\t\t\t\t\t<\/div>\n\t\t\t\t<\/div>\n\t\t\t\t<\/div>\n\t\t<div class=\"elementor-element elementor-element-373c1d13 e-con-full e-flex e-con e-child\" data-id=\"373c1d13\" data-element_type=\"container\" data-e-type=\"container\" data-settings=\"{&quot;background_background&quot;:&quot;classic&quot;}\">\n\t\t\t\t<div class=\"elementor-element elementor-element-49274c65 elementor-widget elementor-widget-image\" data-id=\"49274c65\" data-element_type=\"widget\" data-e-type=\"widget\" data-widget_type=\"image.default\">\n\t\t\t\t<div class=\"elementor-widget-container\">\n\t\t\t\t\t\t\t\t\t\t\t\t\t\t\t<img fetchpriority=\"high\" decoding=\"async\" width=\"2560\" height=\"2560\" src=\"https:\/\/latinspirittravel.com\/wp-content\/uploads\/2024\/09\/grand-central-station-new-york-city-latin-spirit-travel-agency.png\" class=\"attachment-full size-full wp-image-46403\" alt=\"Estaci\u00f3n Grand Central de Nueva York latin spirit travel agencia de viajes\" srcset=\"https:\/\/latinspirittravel.com\/wp-content\/uploads\/2024\/09\/grand-central-station-new-york-city-latin-spirit-travel-agency.png 2560w, https:\/\/latinspirittravel.com\/wp-content\/uploads\/2024\/09\/grand-central-station-new-york-city-latin-spirit-travel-agency-768x768.png 768w, https:\/\/latinspirittravel.com\/wp-content\/uploads\/2024\/09\/grand-central-station-new-york-city-latin-spirit-travel-agency-1536x1536.png 1536w, https:\/\/latinspirittravel.com\/wp-content\/uploads\/2024\/09\/grand-central-station-new-york-city-latin-spirit-travel-agency-2048x2048.png 2048w, https:\/\/latinspirittravel.com\/wp-content\/uploads\/2024\/09\/grand-central-station-new-york-city-latin-spirit-travel-agency-300x300.png 300w, https:\/\/latinspirittravel.com\/wp-content\/uploads\/2024\/09\/grand-central-station-new-york-city-latin-spirit-travel-agency-600x600.png 600w, https:\/\/latinspirittravel.com\/wp-content\/uploads\/2024\/09\/grand-central-station-new-york-city-latin-spirit-travel-agency-100x100.png 100w\" sizes=\"(max-width: 2560px) 100vw, 2560px\" \/>\t\t\t\t\t\t\t\t\t\t\t\t\t\t\t<\/div>\n\t\t\t\t<\/div>\n\t\t\t\t<\/div>\n\t\t\t\t\t<\/div>\n\t\t\t\t<\/div>\n\t\t<div class=\"elementor-element elementor-element-3d5c61a4 e-flex e-con-boxed e-con e-parent\" data-id=\"3d5c61a4\" data-element_type=\"container\" data-e-type=\"container\">\n\t\t\t\t\t<div class=\"e-con-inner\">\n\t\t<div class=\"elementor-element elementor-element-3a43d0e4 e-con-full e-flex e-con e-child\" data-id=\"3a43d0e4\" data-element_type=\"container\" data-e-type=\"container\">\n\t\t\t\t<div class=\"elementor-element elementor-element-5b8b394d elementor-widget elementor-widget-image\" data-id=\"5b8b394d\" data-element_type=\"widget\" data-e-type=\"widget\" data-widget_type=\"image.default\">\n\t\t\t\t<div class=\"elementor-widget-container\">\n\t\t\t\t\t\t\t\t\t\t\t\t\t\t\t<img decoding=\"async\" width=\"1200\" height=\"900\" src=\"https:\/\/latinspirittravel.com\/wp-content\/uploads\/2024\/05\/dolmabahce-palace-turkiye-1200x900.jpeg\" class=\"attachment-large size-large wp-image-28328\" alt=\"dolmabahce palace turkiye\" srcset=\"https:\/\/latinspirittravel.com\/wp-content\/uploads\/2024\/05\/dolmabahce-palace-turkiye-1200x900.jpeg 1200w, https:\/\/latinspirittravel.com\/wp-content\/uploads\/2024\/05\/dolmabahce-palace-turkiye-800x600.jpeg 800w, https:\/\/latinspirittravel.com\/wp-content\/uploads\/2024\/05\/dolmabahce-palace-turkiye-400x300.jpeg 400w\" sizes=\"(max-width: 1200px) 100vw, 1200px\" \/>\t\t\t\t\t\t\t\t\t\t\t\t\t\t\t<\/div>\n\t\t\t\t<\/div>\n\t\t\t\t<\/div>\n\t\t<div class=\"elementor-element elementor-element-3946b3bc e-con-full e-flex e-con e-child\" data-id=\"3946b3bc\" data-element_type=\"container\" data-e-type=\"container\">\n\t\t\t\t<div class=\"elementor-element elementor-element-77ba8701 elementor-widget elementor-widget-heading\" data-id=\"77ba8701\" data-element_type=\"widget\" data-e-type=\"widget\" data-widget_type=\"heading.default\">\n\t\t\t\t<div class=\"elementor-widget-container\">\n\t\t\t\t\t<h2 class=\"elementor-heading-title elementor-size-default\">Nuestra misi\u00f3n<\/h2>\t\t\t\t<\/div>\n\t\t\t\t<\/div>\n\t\t\t\t<div class=\"elementor-element elementor-element-1c7e27a2 elementor-widget elementor-widget-text-editor\" data-id=\"1c7e27a2\" data-element_type=\"widget\" data-e-type=\"widget\" data-widget_type=\"text-editor.default\">\n\t\t\t\t<div class=\"elementor-widget-container\">\n\t\t\t\t\t\t\t\t\t<p><span style=\"font-family: tahoma, arial, helvetica, sans-serif; color: #000000; font-size: 12pt;\">Latin Spirit Travel, una agencia de viajes que atiende a una base de clientes mayoritariamente hispana, ha creado una amplia clientela en los \u00faltimos 20+ a\u00f1os. <\/span><\/p><p><span style=\"font-family: tahoma, arial, helvetica, sans-serif; color: #000000; font-size: 12pt;\">La comunicaci\u00f3n eficiente, la participaci\u00f3n comunitaria y el conocimiento \u00edntimo de c\u00f3mo les gusta viajar a sus clientes son la clave de su \u00e9xito.<\/span><\/p><p><span style=\"font-family: tahoma, arial, helvetica, sans-serif; color: #000000; font-size: 12pt;\">Facilitamos la planificaci\u00f3n y organizaci\u00f3n de viajes para individuos, familias o empresas. <\/span><\/p><p><span style=\"font-family: tahoma, arial, helvetica, sans-serif; color: #000000; font-size: 12pt;\">Trabajamos para brindar satisfacci\u00f3n al cliente, conveniencia, eficiencia, experiencia y orientaci\u00f3n, personalizaci\u00f3n de acuerdo con requisitos \u00fanicos, ahorro de costos, comprensi\u00f3n cultural e innovaci\u00f3n.<\/span><\/p>\t\t\t\t\t\t\t\t<\/div>\n\t\t\t\t<\/div>\n\t\t\t\t<\/div>\n\t\t\t\t\t<\/div>\n\t\t\t\t<\/div>\n\t\t<div class=\"elementor-element elementor-element-1fa4037 e-flex e-con-boxed e-con e-parent\" data-id=\"1fa4037\" data-element_type=\"container\" data-e-type=\"container\">\n\t\t\t\t\t<div class=\"e-con-inner\">\n\t\t<div class=\"elementor-element elementor-element-2766a93d e-con-full e-flex e-con e-child\" data-id=\"2766a93d\" data-element_type=\"container\" data-e-type=\"container\">\n\t\t\t\t<div class=\"elementor-element elementor-element-8d2783f elementor-widget elementor-widget-heading\" data-id=\"8d2783f\" data-element_type=\"widget\" data-e-type=\"widget\" data-widget_type=\"heading.default\">\n\t\t\t\t<div class=\"elementor-widget-container\">\n\t\t\t\t\t<h2 class=\"elementor-heading-title elementor-size-default\">\u00bfPor qu\u00e9 elegirnos?<\/h2>\t\t\t\t<\/div>\n\t\t\t\t<\/div>\n\t\t\t\t<div class=\"elementor-element elementor-element-2b009f7b elementor-widget elementor-widget-text-editor\" data-id=\"2b009f7b\" data-element_type=\"widget\" data-e-type=\"widget\" data-widget_type=\"text-editor.default\">\n\t\t\t\t<div class=\"elementor-widget-container\">\n\t\t\t\t\t\t\t\t\t<p><span style=\"font-family: tahoma, arial, helvetica, sans-serif; color: #000000; font-size: 12pt;\">Trabajamos para brindarte los mejores:<\/span><\/p>\t\t\t\t\t\t\t\t<\/div>\n\t\t\t\t<\/div>\n\t\t\t\t<div class=\"elementor-element elementor-element-7f2a2f9a elementor-align-start elementor-icon-list--layout-traditional elementor-list-item-link-full_width elementor-widget elementor-widget-icon-list\" data-id=\"7f2a2f9a\" data-element_type=\"widget\" data-e-type=\"widget\" data-widget_type=\"icon-list.default\">\n\t\t\t\t<div class=\"elementor-widget-container\">\n\t\t\t\t\t\t\t<ul class=\"elementor-icon-list-items\">\n\t\t\t\t\t\t\t<li class=\"elementor-icon-list-item\">\n\t\t\t\t\t\t\t\t\t\t\t<a href=\"#\">\n\n\t\t\t\t\t\t\t\t\t\t\t\t<span class=\"elementor-icon-list-icon\">\n\t\t\t\t\t\t\t<svg aria-hidden=\"true\" class=\"e-font-icon-svg e-fas-square-full\" viewBox=\"0 0 512 512\" xmlns=\"http:\/\/www.w3.org\/2000\/svg\"><path d=\"M512 512H0V0h512v512z\"><\/path><\/svg>\t\t\t\t\t\t<\/span>\n\t\t\t\t\t\t\t\t\t\t<span class=\"elementor-icon-list-text\">Hoteles<\/span>\n\t\t\t\t\t\t\t\t\t\t\t<\/a>\n\t\t\t\t\t\t\t\t\t<\/li>\n\t\t\t\t\t\t\t\t<li class=\"elementor-icon-list-item\">\n\t\t\t\t\t\t\t\t\t\t\t<a href=\"#\">\n\n\t\t\t\t\t\t\t\t\t\t\t\t<span class=\"elementor-icon-list-icon\">\n\t\t\t\t\t\t\t<svg aria-hidden=\"true\" class=\"e-font-icon-svg e-fas-square-full\" viewBox=\"0 0 512 512\" xmlns=\"http:\/\/www.w3.org\/2000\/svg\"><path d=\"M512 512H0V0h512v512z\"><\/path><\/svg>\t\t\t\t\t\t<\/span>\n\t\t\t\t\t\t\t\t\t\t<span class=\"elementor-icon-list-text\">Cruceros<\/span>\n\t\t\t\t\t\t\t\t\t\t\t<\/a>\n\t\t\t\t\t\t\t\t\t<\/li>\n\t\t\t\t\t\t\t\t<li class=\"elementor-icon-list-item\">\n\t\t\t\t\t\t\t\t\t\t\t<a href=\"#\">\n\n\t\t\t\t\t\t\t\t\t\t\t\t<span class=\"elementor-icon-list-icon\">\n\t\t\t\t\t\t\t<svg aria-hidden=\"true\" class=\"e-font-icon-svg e-fas-square-full\" viewBox=\"0 0 512 512\" xmlns=\"http:\/\/www.w3.org\/2000\/svg\"><path d=\"M512 512H0V0h512v512z\"><\/path><\/svg>\t\t\t\t\t\t<\/span>\n\t\t\t\t\t\t\t\t\t\t<span class=\"elementor-icon-list-text\">Resorts con todo incluido<\/span>\n\t\t\t\t\t\t\t\t\t\t\t<\/a>\n\t\t\t\t\t\t\t\t\t<\/li>\n\t\t\t\t\t\t\t\t<li class=\"elementor-icon-list-item\">\n\t\t\t\t\t\t\t\t\t\t\t<a href=\"#\">\n\n\t\t\t\t\t\t\t\t\t\t\t\t<span class=\"elementor-icon-list-icon\">\n\t\t\t\t\t\t\t<svg aria-hidden=\"true\" class=\"e-font-icon-svg e-fas-square-full\" viewBox=\"0 0 512 512\" xmlns=\"http:\/\/www.w3.org\/2000\/svg\"><path d=\"M512 512H0V0h512v512z\"><\/path><\/svg>\t\t\t\t\t\t<\/span>\n\t\t\t\t\t\t\t\t\t\t<span class=\"elementor-icon-list-text\">Boletos de avi\u00f3n: Internacionales y Nacionales<\/span>\n\t\t\t\t\t\t\t\t\t\t\t<\/a>\n\t\t\t\t\t\t\t\t\t<\/li>\n\t\t\t\t\t\t\t\t<li class=\"elementor-icon-list-item\">\n\t\t\t\t\t\t\t\t\t\t\t<a href=\"#\">\n\n\t\t\t\t\t\t\t\t\t\t\t\t<span class=\"elementor-icon-list-icon\">\n\t\t\t\t\t\t\t<svg aria-hidden=\"true\" class=\"e-font-icon-svg e-fas-square-full\" viewBox=\"0 0 512 512\" xmlns=\"http:\/\/www.w3.org\/2000\/svg\"><path d=\"M512 512H0V0h512v512z\"><\/path><\/svg>\t\t\t\t\t\t<\/span>\n\t\t\t\t\t\t\t\t\t\t<span class=\"elementor-icon-list-text\">Viajes a Europa, Asia, \u00c1frica, Ocean\u00eda, Am\u00e9rica del Norte, Central y del Sur.<\/span>\n\t\t\t\t\t\t\t\t\t\t\t<\/a>\n\t\t\t\t\t\t\t\t\t<\/li>\n\t\t\t\t\t\t\t\t<li class=\"elementor-icon-list-item\">\n\t\t\t\t\t\t\t\t\t\t\t<a href=\"#\">\n\n\t\t\t\t\t\t\t\t\t\t\t\t<span class=\"elementor-icon-list-icon\">\n\t\t\t\t\t\t\t<svg aria-hidden=\"true\" class=\"e-font-icon-svg e-fas-square-full\" viewBox=\"0 0 512 512\" xmlns=\"http:\/\/www.w3.org\/2000\/svg\"><path d=\"M512 512H0V0h512v512z\"><\/path><\/svg>\t\t\t\t\t\t<\/span>\n\t\t\t\t\t\t\t\t\t\t<span class=\"elementor-icon-list-text\">Bodas, lunas de miel, babymoons, viajes de despedida de soltero\/a, propuestas de matrimonio y viajes de aniversario.<\/span>\n\t\t\t\t\t\t\t\t\t\t\t<\/a>\n\t\t\t\t\t\t\t\t\t<\/li>\n\t\t\t\t\t\t<\/ul>\n\t\t\t\t\t\t<\/div>\n\t\t\t\t<\/div>\n\t\t\t\t<\/div>\n\t\t<div class=\"elementor-element elementor-element-55b1d3dc e-con-full e-grid e-con e-child\" data-id=\"55b1d3dc\" data-element_type=\"container\" data-e-type=\"container\">\n\t\t\t\t<div class=\"elementor-element elementor-element-417e742 elementor-widget elementor-widget-image\" data-id=\"417e742\" data-element_type=\"widget\" data-e-type=\"widget\" data-widget_type=\"image.default\">\n\t\t\t\t<div class=\"elementor-widget-container\">\n\t\t\t\t\t\t\t\t\t\t\t\t\t\t\t<img decoding=\"async\" width=\"1536\" height=\"1536\" src=\"https:\/\/latinspirittravel.com\/wp-content\/uploads\/2024\/05\/latin-spirit-travel-zoom-1536x1536.jpeg\" class=\"attachment-1536x1536 size-1536x1536 wp-image-28380\" alt=\"latin spirit travel &amp; tours oficina\" srcset=\"https:\/\/latinspirittravel.com\/wp-content\/uploads\/2024\/05\/latin-spirit-travel-zoom-1536x1536.jpeg 1536w, https:\/\/latinspirittravel.com\/wp-content\/uploads\/2024\/05\/latin-spirit-travel-zoom-2048x2048.jpeg 2048w, https:\/\/latinspirittravel.com\/wp-content\/uploads\/2024\/05\/latin-spirit-travel-zoom-300x300.jpeg 300w, https:\/\/latinspirittravel.com\/wp-content\/uploads\/2024\/05\/latin-spirit-travel-zoom-100x100.jpeg 100w\" sizes=\"(max-width: 1536px) 100vw, 1536px\" \/>\t\t\t\t\t\t\t\t\t\t\t\t\t\t\t<\/div>\n\t\t\t\t<\/div>\n\t\t\t\t<div class=\"elementor-element elementor-element-343c5568 elementor-widget elementor-widget-image\" data-id=\"343c5568\" data-element_type=\"widget\" data-e-type=\"widget\" data-widget_type=\"image.default\">\n\t\t\t\t<div class=\"elementor-widget-container\">\n\t\t\t\t\t\t\t\t\t\t\t\t\t\t\t<img loading=\"lazy\" decoding=\"async\" width=\"2048\" height=\"2048\" src=\"https:\/\/latinspirittravel.com\/wp-content\/uploads\/2023\/12\/homepage-picture-1_1339x483-2048x2048.png\" class=\"attachment-2048x2048 size-2048x2048 wp-image-16123\" alt=\"oficina latin spirit travel\" srcset=\"https:\/\/latinspirittravel.com\/wp-content\/uploads\/2023\/12\/homepage-picture-1_1339x483-2048x2048.png 2048w, https:\/\/latinspirittravel.com\/wp-content\/uploads\/2023\/12\/homepage-picture-1_1339x483-1536x1536.png 1536w, https:\/\/latinspirittravel.com\/wp-content\/uploads\/2023\/12\/homepage-picture-1_1339x483-300x300.png 300w, https:\/\/latinspirittravel.com\/wp-content\/uploads\/2023\/12\/homepage-picture-1_1339x483-100x100.png 100w\" sizes=\"(max-width: 2048px) 100vw, 2048px\" \/>\t\t\t\t\t\t\t\t\t\t\t\t\t\t\t<\/div>\n\t\t\t\t<\/div>\n\t\t\t\t<\/div>\n\t\t\t\t\t<\/div>\n\t\t\t\t<\/div>\n\t\t<div class=\"elementor-element elementor-element-5e2573a e-flex e-con-boxed e-con e-parent\" data-id=\"5e2573a\" data-element_type=\"container\" data-e-type=\"container\">\n\t\t\t\t\t<div class=\"e-con-inner\">\n\t\t\t\t<div class=\"elementor-element elementor-element-3eccef0 elementor-widget elementor-widget-spacer\" data-id=\"3eccef0\" data-element_type=\"widget\" data-e-type=\"widget\" data-widget_type=\"spacer.default\">\n\t\t\t\t<div class=\"elementor-widget-container\">\n\t\t\t\t\t\t\t<div class=\"elementor-spacer\">\n\t\t\t<div class=\"elementor-spacer-inner\"><\/div>\n\t\t<\/div>\n\t\t\t\t\t\t<\/div>\n\t\t\t\t<\/div>\n\t\t\t\t<div class=\"elementor-element elementor-element-5d3d992 elementor-widget elementor-widget-spacer\" data-id=\"5d3d992\" data-element_type=\"widget\" data-e-type=\"widget\" data-widget_type=\"spacer.default\">\n\t\t\t\t<div class=\"elementor-widget-container\">\n\t\t\t\t\t\t\t<div class=\"elementor-spacer\">\n\t\t\t<div class=\"elementor-spacer-inner\"><\/div>\n\t\t<\/div>\n\t\t\t\t\t\t<\/div>\n\t\t\t\t<\/div>\n\t\t\t\t\t<\/div>\n\t\t\t\t<\/div>\n\t\t<div class=\"elementor-element elementor-element-cf8a872 e-flex e-con-boxed e-con e-parent\" data-id=\"cf8a872\" data-element_type=\"container\" data-e-type=\"container\" data-settings=\"{&quot;background_background&quot;:&quot;classic&quot;}\">\n\t\t\t\t\t<div class=\"e-con-inner\">\n\t\t<div class=\"elementor-element elementor-element-d72b24e e-con-full e-flex e-con e-child\" data-id=\"d72b24e\" data-element_type=\"container\" data-e-type=\"container\">\n\t\t\t\t<div class=\"elementor-element elementor-element-a3d770e elementor-widget elementor-widget-spacer\" data-id=\"a3d770e\" data-element_type=\"widget\" data-e-type=\"widget\" data-widget_type=\"spacer.default\">\n\t\t\t\t<div class=\"elementor-widget-container\">\n\t\t\t\t\t\t\t<div class=\"elementor-spacer\">\n\t\t\t<div class=\"elementor-spacer-inner\"><\/div>\n\t\t<\/div>\n\t\t\t\t\t\t<\/div>\n\t\t\t\t<\/div>\n\t\t\t\t<div class=\"elementor-element elementor-element-d31f413 elementor-widget elementor-widget-image\" data-id=\"d31f413\" data-element_type=\"widget\" data-e-type=\"widget\" data-widget_type=\"image.default\">\n\t\t\t\t<div class=\"elementor-widget-container\">\n\t\t\t\t\t\t\t\t\t\t\t\t\t\t\t<img loading=\"lazy\" decoding=\"async\" width=\"1200\" height=\"900\" src=\"https:\/\/latinspirittravel.com\/wp-content\/uploads\/2024\/05\/latin-spirit-travel-agency-team-1200x900.jpeg\" class=\"attachment-large size-large wp-image-28301\" alt=\"equipo de agencia latin spirit travel\" srcset=\"https:\/\/latinspirittravel.com\/wp-content\/uploads\/2024\/05\/latin-spirit-travel-agency-team-1200x900.jpeg 1200w, https:\/\/latinspirittravel.com\/wp-content\/uploads\/2024\/05\/latin-spirit-travel-agency-team-800x600.jpeg 800w, https:\/\/latinspirittravel.com\/wp-content\/uploads\/2024\/05\/latin-spirit-travel-agency-team-400x300.jpeg 400w, https:\/\/latinspirittravel.com\/wp-content\/uploads\/2024\/05\/latin-spirit-travel-agency-team-768x576.jpeg 768w, https:\/\/latinspirittravel.com\/wp-content\/uploads\/2024\/05\/latin-spirit-travel-agency-team-600x450.jpeg 600w, https:\/\/latinspirittravel.com\/wp-content\/uploads\/2024\/05\/latin-spirit-travel-agency-team.jpeg 2048w\" sizes=\"(max-width: 1200px) 100vw, 1200px\" \/>\t\t\t\t\t\t\t\t\t\t\t\t\t\t\t<\/div>\n\t\t\t\t<\/div>\n\t\t\t\t<\/div>\n\t\t\t\t\t<\/div>\n\t\t\t\t<\/div>\n\t\t<div class=\"elementor-element elementor-element-b827d5c e-flex e-con-boxed e-con e-parent\" data-id=\"b827d5c\" data-element_type=\"container\" data-e-type=\"container\">\n\t\t\t\t\t<div class=\"e-con-inner\">\n\t\t\t\t<div class=\"elementor-element elementor-element-318adf5 elementor-widget elementor-widget-heading\" data-id=\"318adf5\" data-element_type=\"widget\" data-e-type=\"widget\" data-widget_type=\"heading.default\">\n\t\t\t\t<div class=\"elementor-widget-container\">\n\t\t\t\t\t<h2 class=\"elementor-heading-title elementor-size-default\">Viaja por el Mundo con Latin Spirit Travel<\/h2>\t\t\t\t<\/div>\n\t\t\t\t<\/div>\n\t\t\t\t<div class=\"elementor-element elementor-element-1269d59 elementor-widget elementor-widget-text-editor\" data-id=\"1269d59\" data-element_type=\"widget\" data-e-type=\"widget\" data-widget_type=\"text-editor.default\">\n\t\t\t\t<div class=\"elementor-widget-container\">\n\t\t\t\t\t\t\t\t\t<p><span style=\"font-family: tahoma, arial, helvetica, sans-serif; font-size: 14pt; color: #000000;\">Nuestra agencia de viajes est\u00e1 lista para ayudarte a reservar tickets de avi\u00f3n, resorts todo incluido, cruceros, tours y hoteles.<\/span><\/p>\t\t\t\t\t\t\t\t<\/div>\n\t\t\t\t<\/div>\n\t\t\t\t<div class=\"elementor-element elementor-element-6fd531fb elementor-align-center elementor-mobile-align-center elementor-widget elementor-widget-button\" data-id=\"6fd531fb\" data-element_type=\"widget\" data-e-type=\"widget\" data-widget_type=\"button.default\">\n\t\t\t\t<div class=\"elementor-widget-container\">\n\t\t\t\t\t\t\t\t\t<div class=\"elementor-button-wrapper\">\n\t\t\t\t\t<a class=\"elementor-button elementor-button-link elementor-size-sm\" href=\"https:\/\/latinspirittravel.com\/es\/contactanos\/\" target=\"_blank\">\n\t\t\t\t\t\t<span class=\"elementor-button-content-wrapper\">\n\t\t\t\t\t\t\t\t\t<span class=\"elementor-button-text\">Cont\u00e1ctanos<\/span>\n\t\t\t\t\t<\/span>\n\t\t\t\t\t<\/a>\n\t\t\t\t<\/div>\n\t\t\t\t\t\t\t\t<\/div>\n\t\t\t\t<\/div>\n\t\t\t\t<div class=\"elementor-element elementor-element-d61a24c elementor-widget elementor-widget-spacer\" data-id=\"d61a24c\" data-element_type=\"widget\" data-e-type=\"widget\" data-widget_type=\"spacer.default\">\n\t\t\t\t<div class=\"elementor-widget-container\">\n\t\t\t\t\t\t\t<div class=\"elementor-spacer\">\n\t\t\t<div class=\"elementor-spacer-inner\"><\/div>\n\t\t<\/div>\n\t\t\t\t\t\t<\/div>\n\t\t\t\t<\/div>\n\t\t\t\t<div class=\"elementor-element elementor-element-20c3d5e elementor-widget elementor-widget-spacer\" data-id=\"20c3d5e\" data-element_type=\"widget\" data-e-type=\"widget\" data-widget_type=\"spacer.default\">\n\t\t\t\t<div class=\"elementor-widget-container\">\n\t\t\t\t\t\t\t<div class=\"elementor-spacer\">\n\t\t\t<div class=\"elementor-spacer-inner\"><\/div>\n\t\t<\/div>\n\t\t\t\t\t\t<\/div>\n\t\t\t\t<\/div>\n\t\t\t\t\t<\/div>\n\t\t\t\t<\/div>\n\t\t\t\t<\/div>\n\t\t","protected":false},"excerpt":{"rendered":"<p>Acerca de Nosotras En 2004, la CEO Mariuxi Qui\u00f1\u00f3nez fund\u00f3 la empresa de viajes Latin Spirit Travel &amp; Tours, apoyada en su pasi\u00f3n por servir a las personas y explorar nuevos destinos y culturas. Su deseo de brindar soluciones de viajes llev\u00f3 al \u00e9xito del negocio. Ella y todo el equipo de agentes de viajes [&hellip;]<\/p>\n","protected":false},"author":1,"featured_media":27196,"parent":0,"menu_order":0,"comment_status":"closed","ping_status":"closed","template":"elementor_header_footer","meta":{"footnotes":""},"class_list":["post-26953","page","type-page","status-publish","has-post-thumbnail","hentry"],"_links":{"self":[{"href":"https:\/\/latinspirittravel.com\/es\/wp-json\/wp\/v2\/pages\/26953","targetHints":{"allow":["GET"]}}],"collection":[{"href":"https:\/\/latinspirittravel.com\/es\/wp-json\/wp\/v2\/pages"}],"about":[{"href":"https:\/\/latinspirittravel.com\/es\/wp-json\/wp\/v2\/types\/page"}],"author":[{"embeddable":true,"href":"https:\/\/latinspirittravel.com\/es\/wp-json\/wp\/v2\/users\/1"}],"replies":[{"embeddable":true,"href":"https:\/\/latinspirittravel.com\/es\/wp-json\/wp\/v2\/comments?post=26953"}],"version-history":[{"count":0,"href":"https:\/\/latinspirittravel.com\/es\/wp-json\/wp\/v2\/pages\/26953\/revisions"}],"wp:featuredmedia":[{"embeddable":true,"href":"https:\/\/latinspirittravel.com\/es\/wp-json\/wp\/v2\/media\/27196"}],"wp:attachment":[{"href":"https:\/\/latinspirittravel.com\/es\/wp-json\/wp\/v2\/media?parent=26953"}],"curies":[{"name":"wp","href":"https:\/\/api.w.org\/{rel}","templated":true}]}}