{"id":29972,"date":"2023-07-15T17:23:40","date_gmt":"2023-07-15T17:23:40","guid":{"rendered":"https:\/\/latinspirittravel.com\/terms-and-conditions\/"},"modified":"2024-08-27T18:28:48","modified_gmt":"2024-08-27T18:28:48","slug":"terminos-y-condiciones","status":"publish","type":"page","link":"https:\/\/latinspirittravel.com\/es\/terminos-y-condiciones\/","title":{"rendered":"T\u00e9rminos y Condiciones"},"content":{"rendered":"\t\t<div data-elementor-type=\"wp-page\" data-elementor-id=\"29972\" class=\"elementor elementor-29972 elementor-10560\" data-elementor-post-type=\"page\">\n\t\t\t\t\t\t<section class=\"elementor-section elementor-top-section elementor-element elementor-element-6e6a19ee elementor-section-boxed elementor-section-height-default elementor-section-height-default\" data-id=\"6e6a19ee\" data-element_type=\"section\" data-e-type=\"section\">\n\t\t\t\t\t\t<div class=\"elementor-container elementor-column-gap-default\">\n\t\t\t\t\t<div class=\"elementor-column elementor-col-100 elementor-top-column elementor-element elementor-element-538c9733\" data-id=\"538c9733\" data-element_type=\"column\" data-e-type=\"column\">\n\t\t\t<div class=\"elementor-widget-wrap elementor-element-populated\">\n\t\t\t\t\t\t<div class=\"elementor-element elementor-element-c72b085 elementor-widget elementor-widget-text-editor\" data-id=\"c72b085\" data-element_type=\"widget\" data-e-type=\"widget\" data-widget_type=\"text-editor.default\">\n\t\t\t\t<div class=\"elementor-widget-container\">\n\t\t\t\t\t\t\t\t\t<h2><strong><font style=\"vertical-align: inherit;\"><font style=\"vertical-align: inherit;\">T\u00e9rminos y condiciones<\/font><\/font><\/strong><\/h2>\n<p><font style=\"vertical-align: inherit;\"><font style=\"vertical-align: inherit;\">\u00a1Bienvenido a Latin Spirit Travel!<\/font><\/font><\/p>\n<p><font style=\"vertical-align: inherit;\"><font style=\"vertical-align: inherit;\">Estos t\u00e9rminos y condiciones describen las reglas y regulaciones para el uso del sitio web de Latin Spirit Travel &amp; Tours, ubicado en https:\/\/latinspirittravel.com\/.<\/font><\/font><\/p>\n<p><font style=\"vertical-align: inherit;\"><font style=\"vertical-align: inherit;\">Al acceder a este sitio web asumimos que acepta estos t\u00e9rminos y condiciones. <\/font><font style=\"vertical-align: inherit;\">No contin\u00fae utilizando Latin Spirit Travel si no acepta todos los t\u00e9rminos y condiciones establecidos en esta p\u00e1gina.<\/font><\/font><\/p>\n<p><font style=\"vertical-align: inherit;\"><font style=\"vertical-align: inherit;\">La siguiente terminolog\u00eda se aplica a estos T\u00e9rminos y Condiciones, Declaraci\u00f3n de Privacidad y Aviso de Exenci\u00f3n de Responsabilidad y todos los Acuerdos: \u00abCliente\u00bb, \u00abUsted\u00bb y \u00abSu\u00bb se refieren a usted, la persona que inicia sesi\u00f3n en este sitio web y cumple con los t\u00e9rminos y condiciones de la Compa\u00f1\u00eda. <\/font><font style=\"vertical-align: inherit;\">\u00abLa Compa\u00f1\u00eda\u00bb, \u00abNosotros\u00bb, \u00abNuestro\u00bb y \u00abNos\u00bb, se refieren a nuestra Compa\u00f1\u00eda. <\/font><font style=\"vertical-align: inherit;\">\u00abParte\u00bb, \u00abPartes\u00bb o \u00abNosotros\u00bb se refiere tanto al Cliente como a nosotros mismos. <\/font><font style=\"vertical-align: inherit;\">Todos los t\u00e9rminos se refieren a la oferta, aceptaci\u00f3n y consideraci\u00f3n del pago necesario para llevar a cabo el proceso de nuestra asistencia al Cliente de la manera m\u00e1s adecuada para el prop\u00f3sito expreso de satisfacer las necesidades del Cliente con respecto a la prestaci\u00f3n de los servicios establecidos de la Compa\u00f1\u00eda, de acuerdo con y sujeto a la ley vigente de nosotros.<\/font><\/font><\/p>\n<h3><strong><font style=\"vertical-align: inherit;\"><font style=\"vertical-align: inherit;\">Cookies<\/font><\/font><\/strong><\/h3>\n<p><font style=\"vertical-align: inherit;\"><font style=\"vertical-align: inherit;\">Empleamos el uso de cookies. <\/font><font style=\"vertical-align: inherit;\">Al acceder a Latin Spirit Travel, usted acepta el uso de cookies de acuerdo con la Pol\u00edtica de privacidad de Latin Spirit Travel &amp; Tours.<\/font><\/font><\/p>\n<p><font style=\"vertical-align: inherit;\"><font style=\"vertical-align: inherit;\">La mayor\u00eda de los sitios web interactivos utilizan cookies para permitirnos recuperar los detalles del usuario en cada visita. <\/font><font style=\"vertical-align: inherit;\">Nuestro sitio web utiliza cookies para habilitar la funcionalidad de ciertas \u00e1reas y facilitar as\u00ed la navegaci\u00f3n de las personas por nuestro sitio web. <\/font><font style=\"vertical-align: inherit;\">Algunos de nuestros socios afiliados\/publicitarios tambi\u00e9n pueden utilizar cookies.<\/font><\/font><\/p>\n<h3><strong><font style=\"vertical-align: inherit;\"><font style=\"vertical-align: inherit;\">Licencia<\/font><\/font><\/strong><\/h3>\n<p><font style=\"vertical-align: inherit;\"><font style=\"vertical-align: inherit;\">A menos que se indique lo contrario, Latin Spirit Travel &amp; Tours y\/o sus licenciantes poseen los derechos de propiedad intelectual de todo el material de Latin Spirit Travel. <\/font><font style=\"vertical-align: inherit;\">Todos los derechos de propiedad intelectual est\u00e1n reservados. <\/font><font style=\"vertical-align: inherit;\" class=\"VIpgJd-yAWNEb-VIpgJd-fmcmS-sn54Q\">Puede acceder a esto desde Latin Spirit Travel para su uso personal sujeto a las restricciones establecidas en estos t\u00e9rminos y condiciones.<\/font><\/font><\/p>\n<p><font style=\"vertical-align: inherit;\"><font style=\"vertical-align: inherit;\">No debes:<\/font><\/font><\/p>\n<ul>\n<li><font style=\"vertical-align: inherit;\"><font style=\"vertical-align: inherit;\">Republicar material de Latin Spirit Travel<\/font><\/font><\/li>\n<li><font style=\"vertical-align: inherit;\"><font style=\"vertical-align: inherit;\">Vender, alquilar o sublicenciar material de Latin Spirit Travel<\/font><\/font><\/li>\n<li><font style=\"vertical-align: inherit;\"><font style=\"vertical-align: inherit;\">Reproducir, duplicar o copiar material de Latin Spirit Travel<\/font><\/font><\/li>\n<li><font style=\"vertical-align: inherit;\"><font style=\"vertical-align: inherit;\">Redistribuir contenido de Latin Spirit Travel<\/font><\/font><\/li>\n<\/ul>\n<p><font style=\"vertical-align: inherit;\"><font style=\"vertical-align: inherit;\">El presente Acuerdo comenzar\u00e1 a regir a partir de la fecha del presente. <\/font><font style=\"vertical-align: inherit;\">Nuestros T\u00e9rminos y Condiciones fueron creados con la ayuda de&nbsp; <\/font><\/font><a href=\"https:\/\/www.termsandconditionsgenerator.com\/\" target=\"_blank\" rel=\"noopener\"><font style=\"vertical-align: inherit;\"><font style=\"vertical-align: inherit;\">Generador de t\u00e9rminos y condiciones gratuito<\/font><\/font><\/a><font style=\"vertical-align: inherit;\"><font style=\"vertical-align: inherit;\"> .<\/font><\/font><\/p>\n<p><font style=\"vertical-align: inherit;\"><font style=\"vertical-align: inherit;\">Algunas partes de este sitio web ofrecen a los usuarios la oportunidad de publicar e intercambiar opiniones e informaci\u00f3n en ciertas \u00e1reas del sitio web. <\/font><font style=\"vertical-align: inherit;\">Latin Spirit Travel &amp; <\/font><font style=\"vertical-align: inherit;\">Tours no filtra, edita, publica ni revisa los Comentarios antes de su presencia en el sitio web. <\/font><font style=\"vertical-align: inherit;\">Los comentarios no reflejan las opiniones y puntos de vista de Latin Spirit Travel &amp; Tours, sus agentes y\/o afiliados. <\/font><font style=\"vertical-align: inherit;\">Los comentarios reflejan los puntos de vista y opiniones de la persona que publica sus puntos de vista y opiniones. <\/font><font style=\"vertical-align: inherit;\">En la medida en que lo permitan las leyes aplicables, Latin Spirit Travel &amp; <\/font><font style=\"vertical-align: inherit;\">Tours no ser\u00e1 responsable de los comentarios ni de ninguna responsabilidad, da\u00f1o o gasto causado y\/o sufrido como resultado de cualquier uso y\/o publicaci\u00f3n y\/o aparici\u00f3n de los comentarios en este sitio web.<\/font><\/font><\/p>\n<p>Latin Spirit Travel &amp; Tours se reserva el derecho de monitorear todos los comentarios y eliminar cualquier comentario que pueda considerarse inapropiado, ofensivo o que cause incumplimiento de estos T\u00e9rminos y Condiciones.<\/p>\n<p>Usted garantiza y declara que:<\/p>\n<ul>\n<li>Tiene derecho a publicar los comentarios en nuestro sitio web y tiene todas las licencias y consentimientos necesarios para hacerlo;<\/li>\n<li>Los Comentarios no invaden ning\u00fan derecho de propiedad intelectual, incluidos, entre otros, derechos de autor, patentes o marcas comerciales de terceros;<\/li>\n<li>Los comentarios no contienen ning\u00fan material difamatorio, calumnioso, ofensivo, indecente o ilegal que constituya una invasi\u00f3n de la privacidad.<\/li>\n<li>Los comentarios no se utilizar\u00e1n para solicitar o promover negocios o costumbres ni presentar actividades comerciales o actividades ilegales.<\/li>\n<\/ul>\n<p>Por la presente, usted otorga a Latin Spirit Travel &amp; Tours una licencia no exclusiva para usar, reproducir, editar y autorizar a otros a usar, reproducir y editar cualquiera de sus Comentarios en todas y cada una de las formas, formatos o medios.<\/p>\n<h3><strong>Hiperv\u00ednculos a nuestro contenido<\/strong><\/h3>\n<p>Las siguientes organizaciones pueden vincularse a nuestro sitio web sin aprobaci\u00f3n previa por escrito:<\/p>\n<ul>\n<li>Agencias gubernamentales;<\/li>\n<li>Motores de b\u00fasqueda;<\/li>\n<li>Organizaciones de noticias;<\/li>\n<li>Los distribuidores de directorios en l\u00ednea pueden vincularse a nuestro sitio web de la misma manera que hacen hiperv\u00ednculos a los sitios web de otras empresas listadas; y<\/li>\n<li>Empresas acreditadas en todo el sistema, excepto organizaciones sin fines de lucro, centros comerciales de beneficencia y grupos de recaudaci\u00f3n de fondos de beneficencia, que no pueden realizar hiperv\u00ednculos a nuestro sitio web.<\/li>\n<\/ul>\n<p>Estas organizaciones pueden vincularse a nuestra p\u00e1gina de inicio, a publicaciones o a otra informaci\u00f3n del sitio web siempre que el enlace: (a) no sea enga\u00f1osa de ninguna manera; (b) no implica falsamente patrocinio, respaldo o aprobaci\u00f3n de la parte vinculante y sus productos y\/o servicios; y (c) encaja dentro del contexto del sitio de la parte vinculante.<\/p>\n<p>Podremos considerar y aprobar otras solicitudes de enlaces de los siguientes tipos de organizaciones:<\/p>\n<ul>\n<li>fuentes de informaci\u00f3n de consumidores y\/o empresas com\u00fanmente conocidas;<\/li>\n<li>sitios comunitarios dot.com;<\/li>\n<li>associations or other groups representing charities;<\/li>\n<li>distribuidores de directorios en l\u00ednea;<\/li>\n<li>portales de internet;<\/li>\n<li>despachos de contabilidad, abogados y consultores; y<\/li>\n<li>Instituciones educativas y asociaciones comerciales.<\/li>\n<\/ul>\n<p>Aprobamos solicitudes de enlaces de estas organizaciones si decidimos que: (a) el enlace no nos har\u00eda tener una imagen desfavorable de nosotros mismos o de nuestras empresas acreditadas; (b) la organizaci\u00f3n no tiene ning\u00fan registro negativo con nosotros; (c) el beneficio para nosotros de la visibilidad del hiperv\u00ednculo compensa la ausencia de Latin Spirit Travel &amp; Tours; y (d) el enlace est\u00e1 en el contexto de informaci\u00f3n general sobre recursos.<\/p>\n<p>Estas organizaciones pueden vincularse a nuestra p\u00e1gina de inicio siempre que el enlace: (a) no sea enga\u00f1osa de ninguna manera; (b) no implica falsamente patrocinio, respaldo o aprobaci\u00f3n de la parte vinculante y sus productos o servicios; y (c) encaja dentro del contexto del sitio de la parte vinculante.<\/p>\n<p>Si usted es una de las organizaciones enumeradas en el p\u00e1rrafo 2 anterior y est\u00e1 interesado en vincularse a nuestro sitio web, debe informarnos enviando un correo electr\u00f3nico a Latin Spirit Travel &amp; Tours. Incluya su nombre, el nombre de su organizaci\u00f3n, informaci\u00f3n de contacto, as\u00ed como la URL de su sitio, una lista de todas las URL desde las que desea vincular a nuestro sitio web y una lista de las URL de nuestro sitio a las que le gustar\u00eda vincular. Espere 2-3 semanas para recibir una respuesta.<\/p>\n<p>Las organizaciones aprobadas pueden realizar hiperv\u00ednculos a nuestro sitio web de la siguiente manera:<\/p>\n<ul>\n<li>Mediante el uso de nuestro nombre corporativo; o<\/li>\n<li>Mediante el uso del localizador uniforme de recursos al que se vincula; o<\/li>\n<li>Mediante el uso de cualquier otra descripci\u00f3n de nuestro sitio web vinculado que tenga sentido dentro del contexto y formato del contenido del sitio de la parte vinculante.<\/li>\n<\/ul>\n<p>No se permitir\u00e1 el uso del logotipo ni de ning\u00fan otro material gr\u00e1fico de Latin Spirit Travel &amp; Tours para establecer enlaces sin un acuerdo de licencia de marca registrada.<\/p>\n<h3><strong>iFrames<\/strong><\/h3>\n<p>Sin aprobaci\u00f3n previa y permiso por escrito, no puede crear marcos alrededor de nuestras p\u00e1ginas web que alteren de alguna manera la presentaci\u00f3n visual o la apariencia de nuestro sitio web.<\/p>\n<h3><strong>Responsabilidad del contenido<\/strong><\/h3>\n<p>No seremos responsables de ning\u00fan contenido que aparezca en su sitio web. Usted acepta protegernos y defendernos contra todas las reclamaciones que surjan en su sitio web. No debe aparecer ning\u00fan enlace en ning\u00fan sitio web que pueda interpretarse como difamatorio, obsceno o criminal, o que infrinja, viole o promueva la infracci\u00f3n u otra violaci\u00f3n de cualquier derecho de terceros.<\/p>\n<h3><strong>Reserva de derechos<\/strong><\/h3>\n<p>Nos reservamos el derecho de solicitarle que elimine todos los enlaces o cualquier enlace en particular a nuestro sitio web. Usted aprueba eliminar inmediatamente todos los enlaces a nuestro sitio web cuando se lo solicitemos. Tambi\u00e9n nos reservamos el derecho de modificar estos t\u00e9rminos y condiciones y su pol\u00edtica de enlaces en cualquier momento. Al vincularse continuamente a nuestro sitio web, usted acepta estar sujeto a estos t\u00e9rminos y condiciones de enlace y cumplirlos.<\/p>\n<h3><strong>Eliminaci\u00f3n de enlaces de nuestro sitio web<\/strong><\/h3>\n<p>Si encuentra alg\u00fan enlace en nuestro sitio web que sea ofensivo por cualquier motivo, puede contactarnos e informarnos en cualquier momento. Consideraremos las solicitudes para eliminar enlaces, pero no estamos obligados a hacerlo ni a responderle directamente.<\/p>\n<p>No garantizamos que la informaci\u00f3n de este sitio web sea correcta, no garantizamos su integridad o exactitud; tampoco prometemos garantizar que el sitio web permanezca disponible o que el material del sitio web se mantenga actualizado.<\/p>\n<h3><strong>Descargo de responsabilidad<\/strong><\/h3>\n<p>En la medida m\u00e1xima permitida por la ley aplicable, excluimos todas las representaciones, garant\u00edas y condiciones relacionadas con nuestro sitio web y el uso de este sitio web. Nada de lo establecido en este descargo de responsabilidad:<\/p>\n<ul>\n<li>limitar o excluir nuestra o su responsabilidad por muerte o lesiones personales;<\/li>\n<li>limitar o excluir nuestra o su responsabilidad por fraude o tergiversaci\u00f3n fraudulenta;<\/li>\n<li>limitar cualquiera de nuestras responsabilidades o las suyas de cualquier manera que no est\u00e9 permitida por la ley aplicable; o<\/li>\n<li>excluir cualquiera de nuestras responsabilidades o las suyas que no puedan excluirse seg\u00fan la legislaci\u00f3n aplicable.<\/li>\n<\/ul>\n<p>Las limitaciones y prohibiciones de responsabilidad establecidas en esta Secci\u00f3n y en otras partes de este descargo de responsabilidad: (a) est\u00e9n sujetos al p\u00e1rrafo anterior; y (b) regir todas las responsabilidades derivadas de la exenci\u00f3n de responsabilidad, incluidas las responsabilidades derivadas del contrato, de agravio y por incumplimiento de una obligaci\u00f3n legal.<\/p>\n<p>Siempre que el sitio web y la informaci\u00f3n y los servicios en el sitio web se proporcionen de forma gratuita, no seremos responsables de ninguna p\u00e9rdida o da\u00f1o de ning\u00fan tipo.<\/p>\t\t\t\t\t\t\t\t<\/div>\n\t\t\t\t<\/div>\n\t\t\t\t\t<\/div>\n\t\t<\/div>\n\t\t\t\t\t<\/div>\n\t\t<\/section>\n\t\t\t\t<\/div>\n\t\t","protected":false},"excerpt":{"rendered":"<p>T\u00e9rminos y condiciones \u00a1Bienvenido a Latin Spirit Travel! Estos t\u00e9rminos y condiciones describen las reglas y regulaciones para el uso del sitio web de Latin Spirit Travel &amp; Tours, ubicado en https:\/\/latinspirittravel.com\/. Al acceder a este sitio web asumimos que acepta estos t\u00e9rminos y condiciones. No contin\u00fae utilizando Latin Spirit Travel si no acepta todos [&hellip;]<\/p>\n","protected":false},"author":1,"featured_media":28999,"parent":0,"menu_order":0,"comment_status":"closed","ping_status":"closed","template":"","meta":{"footnotes":""},"class_list":["post-29972","page","type-page","status-publish","has-post-thumbnail","hentry"],"_links":{"self":[{"href":"https:\/\/latinspirittravel.com\/es\/wp-json\/wp\/v2\/pages\/29972","targetHints":{"allow":["GET"]}}],"collection":[{"href":"https:\/\/latinspirittravel.com\/es\/wp-json\/wp\/v2\/pages"}],"about":[{"href":"https:\/\/latinspirittravel.com\/es\/wp-json\/wp\/v2\/types\/page"}],"author":[{"embeddable":true,"href":"https:\/\/latinspirittravel.com\/es\/wp-json\/wp\/v2\/users\/1"}],"replies":[{"embeddable":true,"href":"https:\/\/latinspirittravel.com\/es\/wp-json\/wp\/v2\/comments?post=29972"}],"version-history":[{"count":0,"href":"https:\/\/latinspirittravel.com\/es\/wp-json\/wp\/v2\/pages\/29972\/revisions"}],"wp:featuredmedia":[{"embeddable":true,"href":"https:\/\/latinspirittravel.com\/es\/wp-json\/wp\/v2\/media\/28999"}],"wp:attachment":[{"href":"https:\/\/latinspirittravel.com\/es\/wp-json\/wp\/v2\/media?parent=29972"}],"curies":[{"name":"wp","href":"https:\/\/api.w.org\/{rel}","templated":true}]}}