{"id":29976,"date":"2023-05-27T14:52:26","date_gmt":"2023-05-27T14:52:26","guid":{"rendered":"https:\/\/latinspirittravel.com\/refund-and-returns-policy\/"},"modified":"2025-06-26T19:17:48","modified_gmt":"2025-06-26T19:17:48","slug":"reembolso_lst","status":"publish","type":"page","link":"https:\/\/latinspirittravel.com\/es\/reembolso_lst\/","title":{"rendered":"Pol\u00edtica de Reembolso"},"content":{"rendered":"\t\t<div data-elementor-type=\"wp-page\" data-elementor-id=\"29976\" class=\"elementor elementor-29976 elementor-10164\" data-elementor-post-type=\"page\">\n\t\t\t\t<div class=\"elementor-element elementor-element-5b36e98 e-flex e-con-boxed e-con e-parent\" data-id=\"5b36e98\" data-element_type=\"container\" data-e-type=\"container\">\n\t\t\t\t\t<div class=\"e-con-inner\">\n\t\t\t\t<div class=\"elementor-element elementor-element-e8cedd1 elementor-widget elementor-widget-text-editor\" data-id=\"e8cedd1\" data-element_type=\"widget\" data-e-type=\"widget\" data-widget_type=\"text-editor.default\">\n\t\t\t\t<div class=\"elementor-widget-container\">\n\t\t\t\t\t\t\t\t\t<h1 style=\"font-weight: 500;\"><span style=\"font-family: tahoma, arial, helvetica, sans-serif; color: #000000;\">POL\u00cdTICA DE REEMBOLSO<\/span><\/h1><p><span style=\"font-family: tahoma, arial, helvetica, sans-serif; color: #000000;\"><b><strong>\u00daltima actualizaci\u00f3n: 26 de Junio del 2025<\/strong><\/b><\/span><\/p><h2 style=\"font-weight: 500;\"><span style=\"font-family: tahoma, arial, helvetica, sans-serif; color: #000000;\">REEMBOLSOS<\/span><\/h2><p data-custom-class=\"body_text\"><span style=\"font-family: tahoma, arial, helvetica, sans-serif; font-size: 14pt; color: #000000;\">Todas las ventas son finales y no se emitir\u00e1n reembolsos.<\/span><\/p><h2 style=\"font-weight: 500;\"><span style=\"font-family: tahoma, arial, helvetica, sans-serif; color: #000000;\">PREGUNTAS<\/span><\/h2><p data-custom-class=\"body_text\"><span style=\"font-family: tahoma, arial, helvetica, sans-serif; font-size: 14pt; color: #000000;\">Si tienes alguna pregunta sobre nuestra pol\u00edtica de reembolso, comun\u00edcate con nosotros a:<\/span><\/p><p data-custom-class=\"body_text\"><span style=\"font-family: tahoma, arial, helvetica, sans-serif; font-size: 14pt; color: #000000;\">+1(201)624-1910<\/span><\/p><p data-custom-class=\"body_text\"><span style=\"font-family: tahoma, arial, helvetica, sans-serif; font-size: 14pt; color: #000000;\">sales@LatinSpiritTravel.com<\/span><\/p>\t\t\t\t\t\t\t\t<\/div>\n\t\t\t\t<\/div>\n\t\t\t\t\t<\/div>\n\t\t\t\t<\/div>\n\t\t\t\t<\/div>\n\t\t","protected":false},"excerpt":{"rendered":"<p>POL\u00cdTICA DE REEMBOLSO \u00daltima actualizaci\u00f3n: 26 de Junio del 2025 REEMBOLSOS Todas las ventas son finales y no se emitir\u00e1n reembolsos. PREGUNTAS Si tienes alguna pregunta sobre nuestra pol\u00edtica de reembolso, comun\u00edcate con nosotros a: +1(201)624-1910 sales@LatinSpiritTravel.com<\/p>\n","protected":false},"author":1,"featured_media":11538,"parent":0,"menu_order":0,"comment_status":"closed","ping_status":"closed","template":"","meta":{"footnotes":""},"class_list":["post-29976","page","type-page","status-publish","has-post-thumbnail","hentry"],"_links":{"self":[{"href":"https:\/\/latinspirittravel.com\/es\/wp-json\/wp\/v2\/pages\/29976","targetHints":{"allow":["GET"]}}],"collection":[{"href":"https:\/\/latinspirittravel.com\/es\/wp-json\/wp\/v2\/pages"}],"about":[{"href":"https:\/\/latinspirittravel.com\/es\/wp-json\/wp\/v2\/types\/page"}],"author":[{"embeddable":true,"href":"https:\/\/latinspirittravel.com\/es\/wp-json\/wp\/v2\/users\/1"}],"replies":[{"embeddable":true,"href":"https:\/\/latinspirittravel.com\/es\/wp-json\/wp\/v2\/comments?post=29976"}],"version-history":[{"count":0,"href":"https:\/\/latinspirittravel.com\/es\/wp-json\/wp\/v2\/pages\/29976\/revisions"}],"wp:featuredmedia":[{"embeddable":true,"href":"https:\/\/latinspirittravel.com\/es\/wp-json\/wp\/v2\/media\/11538"}],"wp:attachment":[{"href":"https:\/\/latinspirittravel.com\/es\/wp-json\/wp\/v2\/media?parent=29976"}],"curies":[{"name":"wp","href":"https:\/\/api.w.org\/{rel}","templated":true}]}}