{"id":29982,"date":"2015-01-26T09:02:14","date_gmt":"2015-01-26T09:02:14","guid":{"rendered":"https:\/\/latinspirittravel.com\/privacy-and-cookies-policy\/"},"modified":"2026-01-20T20:59:19","modified_gmt":"2026-01-20T20:59:19","slug":"politica-de-privacidad-y-cookies","status":"publish","type":"page","link":"https:\/\/latinspirittravel.com\/es\/politica-de-privacidad-y-cookies\/","title":{"rendered":"Pol\u00edtica de Privacidad y Cookies"},"content":{"rendered":"\t\t<div data-elementor-type=\"wp-page\" data-elementor-id=\"29982\" class=\"elementor elementor-29982 elementor-1713\" data-elementor-post-type=\"page\">\n\t\t\t\t\t\t<section class=\"elementor-section elementor-top-section elementor-element elementor-element-5657d778 elementor-section-boxed elementor-section-height-default elementor-section-height-default\" data-id=\"5657d778\" data-element_type=\"section\" data-e-type=\"section\">\n\t\t\t\t\t\t<div class=\"elementor-container elementor-column-gap-default\">\n\t\t\t\t\t<div class=\"elementor-column elementor-col-100 elementor-top-column elementor-element elementor-element-84bdba0\" data-id=\"84bdba0\" data-element_type=\"column\" data-e-type=\"column\">\n\t\t\t<div class=\"elementor-widget-wrap elementor-element-populated\">\n\t\t\t\t\t\t<div class=\"elementor-element elementor-element-2d88d68b elementor-widget elementor-widget-text-editor\" data-id=\"2d88d68b\" data-element_type=\"widget\" data-e-type=\"widget\" data-widget_type=\"text-editor.default\">\n\t\t\t\t<div class=\"elementor-widget-container\">\n\t\t\t\t\t\t\t\t\t<h1><span style=\"font-family: tahoma, arial, helvetica, sans-serif; color: #000000;\">Pol\u00edtica de privacidad de Latin Spirit Travel<\/span><\/h1><p><span style=\"font-family: tahoma, arial, helvetica, sans-serif; color: #000000;\">En Latin Spirit Travel, accesible desde https:\/\/latinspirittravel.com\/, una de nuestras principales prioridades es la privacidad de nuestros visitantes. Este documento de Pol\u00edtica de Privacidad contiene los tipos de informaci\u00f3n que recoge y registra Latin Spirit Travel y c\u00f3mo la utilizamos.<\/span><\/p><p><span style=\"font-family: tahoma, arial, helvetica, sans-serif; color: #000000;\">Si tienes m\u00e1s preguntas o necesitas m\u00e1s informaci\u00f3n sobre nuestra Pol\u00edtica de Privacidad, no dudes en ponerte en contacto con nosotros.<\/span><\/p><p><span style=\"font-family: tahoma, arial, helvetica, sans-serif; color: #000000;\">Esta Pol\u00edtica de Privacidad se aplica \u00fanicamente a nuestras actividades en l\u00ednea y es v\u00e1lida para los visitantes de nuestro sitio web en lo que respecta a la informaci\u00f3n que compartieron y\/o recopilaron en Latin Spirit Travel. Esta pol\u00edtica no es aplicable a ninguna informaci\u00f3n recogida fuera de l\u00ednea o a trav\u00e9s de canales distintos de este sitio web.<\/span><\/p><h2><span style=\"font-family: tahoma, arial, helvetica, sans-serif; color: #000000;\">Consentimiento<\/span><\/h2><p><span style=\"font-family: tahoma, arial, helvetica, sans-serif; color: #000000;\">Al utilizar nuestro sitio web, aceptas nuestra Pol\u00edtica de privacidad y est\u00e1s de acuerdo con sus t\u00e9rminos.<\/span><\/p><h2><span style=\"font-family: tahoma, arial, helvetica, sans-serif; color: #000000;\">Informaci\u00f3n que recogemos<\/span><\/h2><p><span style=\"font-family: tahoma, arial, helvetica, sans-serif; color: #000000;\">La informaci\u00f3n personal que se te pide que proporciones, y las razones por las que se te pide que la proporciones, se te aclarar\u00e1n en el momento en que te pidamos que proporciones tu informaci\u00f3n personal.<\/span><\/p><p><span style=\"font-family: tahoma, arial, helvetica, sans-serif; color: #000000;\">Si te pones en contacto con nosotros directamente, podemos recibir informaci\u00f3n adicional sobre ti, como tu nombre, direcci\u00f3n de correo electr\u00f3nico, n\u00famero de tel\u00e9fono, el contenido del mensaje y\/o los archivos adjuntos que nos env\u00edes, y cualquier otra informaci\u00f3n que decidas proporcionarnos.<\/span><\/p><p><span style=\"font-family: tahoma, arial, helvetica, sans-serif; color: #000000;\">Cuando te registras en una Cuenta, podemos pedirte tu informaci\u00f3n de contacto, incluyendo elementos como nombre, nombre de la empresa, direcci\u00f3n, direcci\u00f3n de correo electr\u00f3nico y n\u00famero de tel\u00e9fono.<\/span><\/p><h2><span style=\"font-family: tahoma, arial, helvetica, sans-serif; color: #000000;\">C\u00f3mo utilizamos tu informaci\u00f3n<\/span><\/h2><p><span style=\"font-family: tahoma, arial, helvetica, sans-serif; color: #000000;\">Utilizamos la informaci\u00f3n que recopilamos de varias maneras, entre ellas:<\/span><\/p><ul><li><span style=\"font-family: tahoma, arial, helvetica, sans-serif; color: #000000;\">Proporcionar, operar y mantener nuestro sitio web<\/span><\/li><li><span style=\"font-family: tahoma, arial, helvetica, sans-serif; color: #000000;\">Mejorar, personalizar y ampliar nuestro sitio web<\/span><\/li><li><span style=\"font-family: tahoma, arial, helvetica, sans-serif; color: #000000;\">Comprender y analizar c\u00f3mo utilizas nuestro sitio web<\/span><\/li><li><span style=\"font-family: tahoma, arial, helvetica, sans-serif; color: #000000;\">Desarrollar nuevos productos, servicios, caracter\u00edsticas y funcionalidades<\/span><\/li><li><span style=\"font-family: tahoma, arial, helvetica, sans-serif; color: #000000;\">Comunicarnos con usted, ya sea directamente o a trav\u00e9s de uno de nuestros socios, incluso para servicio al cliente, para brindarle actualizaciones y otra informaci\u00f3n relacionada con el sitio web y para fines de marketing y promoci\u00f3n.<\/span><\/li><li><span style=\"font-family: tahoma, arial, helvetica, sans-serif; color: #000000;\">Enviarte correos electr\u00f3nicos<\/span><\/li><li><span style=\"font-family: tahoma, arial, helvetica, sans-serif; color: #000000;\">Detectar y prevenir el fraude<\/span><\/li><\/ul><h2><span style=\"font-family: tahoma, arial, helvetica, sans-serif; color: #000000;\">Archivos de registro<\/span><\/h2><p><span style=\"font-family: tahoma, arial, helvetica, sans-serif; color: #000000;\">Latin Spirit Travel sigue un procedimiento est\u00e1ndar de utilizaci\u00f3n de archivos de registro. Estos archivos registran a los visitantes cuando visitan los sitios web. Todas las empresas de hosting hacen esto y son parte del an\u00e1lisis de los servicios de hosting. La informaci\u00f3n recopilada por los archivos de registro incluye direcciones de protocolo de Internet (IP), tipo de navegador, proveedor de servicios de Internet (ISP), fecha y hora, p\u00e1ginas de referencia\/salida y posiblemente la cantidad de clics. No est\u00e1n vinculadas a ninguna informaci\u00f3n que sea personalmente identificable. El prop\u00f3sito de la informaci\u00f3n es analizar tendencias, administrar el sitio, rastrear el movimiento de los usuarios en el sitio web y recopilar informaci\u00f3n demogr\u00e1fica.<\/span><\/p><h2><span style=\"font-family: tahoma, arial, helvetica, sans-serif; color: #000000;\">Cookies y balizas web<\/span><\/h2><p><span style=\"font-family: tahoma, arial, helvetica, sans-serif; color: #000000;\">Como cualquier otro sitio web, Latin Spirit Travel utiliza \u00abcookies\u00bb. Estas cookies se utilizan para almacenar informaci\u00f3n, incluidas las preferencias de los visitantes y las p\u00e1ginas del sitio web a las que el visitante accedi\u00f3 o visit\u00f3. La informaci\u00f3n se utiliza para optimizar la experiencia de los usuarios personalizando el contenido de nuestra p\u00e1gina web en funci\u00f3n del tipo de navegador de los visitantes y\/u otra informaci\u00f3n.<\/span><\/p><h2><span style=\"font-family: tahoma, arial, helvetica, sans-serif; color: #000000;\">Socios publicitarios Pol\u00edticas de privacidad<\/span><\/h2><p><span style=\"font-family: tahoma, arial, helvetica, sans-serif; color: #000000;\">Puedes consultar esta lista para encontrar la Pol\u00edtica de Privacidad de cada uno de los socios publicitarios de Latin Spirit Travel.<\/span><\/p><p><span style=\"font-family: tahoma, arial, helvetica, sans-serif; color: #000000;\">Los servidores o redes publicitarias de terceros utilizan tecnolog\u00edas como cookies, JavaScript o Web Beacons que se emplean en sus respectivos anuncios y enlaces que aparecen en Latin Spirit Travel, y que se env\u00edan directamente al navegador de los usuarios. Cuando esto ocurre, reciben autom\u00e1ticamente tu direcci\u00f3n IP. Estas tecnolog\u00edas se utilizan para medir la eficacia de sus campa\u00f1as publicitarias y\/o para personalizar el contenido publicitario que ves en los sitios web que visitas.<\/span><\/p><p><span style=\"font-family: tahoma, arial, helvetica, sans-serif; color: #000000;\">Ten en cuenta que Latin Spirit Travel no tiene acceso ni control sobre estas cookies utilizadas por terceros anunciantes.<\/span><\/p><h2><span style=\"font-family: tahoma, arial, helvetica, sans-serif; color: #000000;\">Pol\u00edticas de privacidad de terceros<\/span><\/h2><p><span style=\"font-family: tahoma, arial, helvetica, sans-serif; color: #000000;\">La Pol\u00edtica de Privacidad de Latin Spirit Travel no se aplica a otros anunciantes o sitios web. Por ello, te aconsejamos que consultes las respectivas Pol\u00edticas de Privacidad de estos servidores de anuncios de terceros para obtener informaci\u00f3n m\u00e1s detallada. Puede incluir sus pr\u00e1cticas e instrucciones sobre c\u00f3mo rechazar determinadas opciones.<\/span><\/p><p><span style=\"font-family: tahoma, arial, helvetica, sans-serif; color: #000000;\">Puedes elegir desactivar las cookies a trav\u00e9s de las opciones individuales de tu navegador. Para conocer informaci\u00f3n m\u00e1s detallada sobre la gesti\u00f3n de cookies con navegadores web espec\u00edficos, puedes encontrarla en los sitios web respectivos de los navegadores.<\/span><\/p><h2><span style=\"font-family: tahoma, arial, helvetica, sans-serif; color: #000000;\">Derechos de privacidad de la CCPA (No vender mis datos personales)<\/span><\/h2><p><span style=\"font-family: tahoma, arial, helvetica, sans-serif; color: #000000;\">En virtud de la CCPA, entre otros derechos, los consumidores de California tienen derecho a:<\/span><\/p><p><span style=\"font-family: tahoma, arial, helvetica, sans-serif; color: #000000;\">Solicitar que una empresa que recopila datos personales de un consumidor revele las categor\u00edas y los datos personales concretos que ha recopilado sobre los consumidores.<\/span><\/p><p><span style=\"font-family: tahoma, arial, helvetica, sans-serif; color: #000000;\">Solicitar que una empresa elimine cualquier dato personal sobre el consumidor que haya recopilado.<\/span><\/p><p><span style=\"font-family: tahoma, arial, helvetica, sans-serif; color: #000000;\">Solicitar que una empresa que vende datos personales de un consumidor no venda dichos datos personales.<\/span><\/p><p><span style=\"font-family: tahoma, arial, helvetica, sans-serif; color: #000000;\">Si presentas una solicitud, tenemos un mes para responderte. Si quieres ejercer alguno de estos derechos, ponte en contacto con nosotros.<\/span><\/p><h2><span style=\"font-family: tahoma, arial, helvetica, sans-serif; color: #000000;\">Derechos de protecci\u00f3n de datos GDPR<\/span><\/h2><p><span style=\"font-family: tahoma, arial, helvetica, sans-serif; color: #000000;\">Nos gustar\u00eda asegurarnos de que eres plenamente consciente de todos tus derechos en materia de protecci\u00f3n de datos. Todo usuario tiene derecho a lo siguiente<\/span><\/p><p><span style=\"font-family: tahoma, arial, helvetica, sans-serif; color: #000000;\">Derecho de acceso &#8211; Tienes derecho a solicitar copias de tus datos personales. Podemos cobrarte una peque\u00f1a tarifa por este servicio.<\/span><\/p><p><span style=\"font-family: tahoma, arial, helvetica, sans-serif; color: #000000;\">Derecho de rectificaci\u00f3n &#8211; Tienes derecho a solicitar que corrijamos cualquier informaci\u00f3n que consideres inexacta. Tambi\u00e9n tienes derecho a solicitar que completemos la informaci\u00f3n que consideres incompleta.<\/span><\/p><p><span style=\"font-family: tahoma, arial, helvetica, sans-serif; color: #000000;\">Derecho de supresi\u00f3n &#8211; Tienes derecho a solicitar que borremos tus datos personales, en determinadas condiciones.<\/span><\/p><p><span style=\"font-family: tahoma, arial, helvetica, sans-serif; color: #000000;\">Derecho a restringir el tratamiento &#8211; Tienes derecho a solicitar que restrinjamos el tratamiento de tus datos personales, en determinadas condiciones.<\/span><\/p><p><span style=\"font-family: tahoma, arial, helvetica, sans-serif; color: #000000;\">Derecho a oponerte al tratamiento &#8211; Tienes derecho a oponerte a que tratemos tus datos personales, en determinadas condiciones.<\/span><\/p><p><span style=\"font-family: tahoma, arial, helvetica, sans-serif; color: #000000;\">Derecho a la portabilidad de los datos &#8211; Tienes derecho a solicitar que transfiramos los datos que hemos recopilado a otra organizaci\u00f3n, o directamente a ti, en determinadas condiciones.<\/span><\/p><p><span style=\"font-family: tahoma, arial, helvetica, sans-serif; color: #000000;\">Si presentas una solicitud, tenemos un mes para responderte. Si quieres ejercer alguno de estos derechos, ponte en contacto con nosotros.<\/span><\/p><h2><span style=\"font-family: tahoma, arial, helvetica, sans-serif; color: #000000;\">Informaci\u00f3n para ni\u00f1os<\/span><\/h2><p><span style=\"font-family: tahoma, arial, helvetica, sans-serif; color: #000000;\">Otra parte de nuestra prioridad es a\u00f1adir protecci\u00f3n para los ni\u00f1os mientras utilizan Internet. Animamos a los padres y tutores a que observen, participen y\/o supervisen y gu\u00eden su actividad en Internet.<\/span><\/p><p><span style=\"font-family: tahoma, arial, helvetica, sans-serif; color: #000000;\">Latin Spirit Travel no recopila conscientemente ning\u00fan Dato de Identificaci\u00f3n Personal de ni\u00f1os menores de 13 a\u00f1os. Si cree que su hijo proporcion\u00f3 este tipo de informaci\u00f3n en nuestro sitio web, le recomendamos encarecidamente que se comunique con nosotros de inmediato y haremos todo lo posible para eliminar r\u00e1pidamente dicha informaci\u00f3n de nuestros registros.<\/span><\/p><h2><span style=\"font-family: tahoma, arial, helvetica, sans-serif; color: #000000;\">Comunicaciones por Correo Electr\u00f3nico<\/span><\/h2><p><span style=\"font-family: tahoma, arial, helvetica, sans-serif; color: #000000;\">Al proporcionar su direcci\u00f3n de correo electr\u00f3nico a Latin Spirit Travel &amp; Tours, usted acepta recibir comunicaciones por correo electr\u00f3nico de nuestra parte. Cumplimos con la Ley CAN-SPAM y nos adherimos a las siguientes pr\u00e1cticas:<\/span><\/p><p><span style=\"font-family: tahoma, arial, helvetica, sans-serif; color: #000000;\">1. Contenido: Nuestros correos electr\u00f3nicos identificar\u00e1n claramente a Latin Spirit Travel &amp; Tours como remitente y proporcionar\u00e1n informaci\u00f3n precisa sobre nuestros servicios de viaje, promociones y contenido relacionado.<\/span><\/p><p><span style=\"font-family: tahoma, arial, helvetica, sans-serif; color: #000000;\">2. Exclusi\u00f3n voluntaria: cada correo electr\u00f3nico que le enviemos incluir\u00e1 una explicaci\u00f3n clara y visible de c\u00f3mo puede optar por no recibir m\u00e1s correos electr\u00f3nicos nuestros en el futuro. Atenderemos las solicitudes de exclusi\u00f3n con prontitud, dentro de los 10 d\u00edas h\u00e1biles.<\/span><\/p><p><span style=\"font-family: tahoma, arial, helvetica, sans-serif; color: #000000;\">3. Enlace para cancelar la suscripci\u00f3n: todos los correos electr\u00f3nicos de marketing contendr\u00e1n un enlace \u00abCancelar suscripci\u00f3n\u00bb obvio y f\u00e1cil de usar en la parte inferior de cada correo electr\u00f3nico.<\/span><\/p><p><span style=\"font-family: tahoma, arial, helvetica, sans-serif; color: #000000;\">4. Direcci\u00f3n F\u00edsica: Nuestros correos electr\u00f3nicos incluir\u00e1n la direcci\u00f3n postal f\u00edsica v\u00e1lida de nuestra empresa.<\/span><\/p><p><span style=\"font-family: tahoma, arial, helvetica, sans-serif; color: #000000;\">5. Monitoreo: Monitoreamos los servicios de marketing por correo electr\u00f3nico de terceros, si se utilizan, para verificar su cumplimiento.<\/span><\/p><p><span style=\"font-family: tahoma, arial, helvetica, sans-serif; color: #000000;\">Es posible que reciba los siguientes tipos de correos electr\u00f3nicos:<\/span><br><span style=\"font-family: tahoma, arial, helvetica, sans-serif; color: #000000;\">&#8211; Correos electr\u00f3nicos transaccionales relacionados con sus reservas o cuenta<\/span><br><span style=\"font-family: tahoma, arial, helvetica, sans-serif; color: #000000;\">&#8211; Actualizaciones de viajes e informaci\u00f3n importante sobre tus viajes.<\/span><br><span style=\"font-family: tahoma, arial, helvetica, sans-serif; color: #000000;\">&#8211; Ofertas promocionales y descuentos<\/span><br><span style=\"font-family: tahoma, arial, helvetica, sans-serif; color: #000000;\">&#8211; Boletines informativos y actualizaciones de la empresa<\/span><\/p><p><span style=\"font-family: tahoma, arial, helvetica, sans-serif; color: #000000;\">Normalmente enviamos entre 1 y 2 correos electr\u00f3nicos de marketing por semana, pero la frecuencia puede variar seg\u00fan la actividad y las preferencias de su cuenta.<\/span><\/p><p><span style=\"font-family: tahoma, arial, helvetica, sans-serif; color: #000000;\">Puede darse de baja en cualquier momento haciendo clic en el enlace \u00abCancelar suscripci\u00f3n\u00bb en la parte inferior de cualquiera de nuestros correos electr\u00f3nicos o comunic\u00e1ndose con nosotros a info@LatinSpiritTravel.<\/span><\/p><p><span style=\"font-family: tahoma, arial, helvetica, sans-serif; color: #000000;\">Utilizamos medidas de seguridad est\u00e1ndar de la industria para proteger su direcci\u00f3n de correo electr\u00f3nico y otra informaci\u00f3n personal. No vendemos ni alquilamos su direcci\u00f3n de correo electr\u00f3nico a terceros para fines de marketing.<\/span><\/p><p><span style=\"font-family: tahoma, arial, helvetica, sans-serif; color: #000000;\">Para obtener m\u00e1s informaci\u00f3n sobre c\u00f3mo manejamos sus datos, consulte nuestra Pol\u00edtica de privacidad completa.<\/span><\/p><h2><span style=\"font-family: tahoma, arial, helvetica, sans-serif; color: #000000;\">Cambios a esta Pol\u00edtica de Privacidad<\/span><\/h2><p><span style=\"font-family: tahoma, arial, helvetica, sans-serif; color: #000000;\">Podemos actualizar nuestra Pol\u00edtica de Privacidad de vez en cuando. Por ello, te aconsejamos que revises esta p\u00e1gina peri\u00f3dicamente para comprobar si se han producido cambios. Te notificaremos cualquier cambio publicando la nueva Pol\u00edtica de Privacidad en esta p\u00e1gina. Estos cambios entran en vigor inmediatamente despu\u00e9s de su publicaci\u00f3n en esta p\u00e1gina.<\/span><\/p><h2><span style=\"font-family: tahoma, arial, helvetica, sans-serif; color: #000000;\">Cont\u00e1ctanos<\/span><\/h2><p><span style=\"font-family: tahoma, arial, helvetica, sans-serif; color: #000000;\">Si tienes alguna pregunta o sugerencia sobre nuestra Pol\u00edtica de privacidad, no dudes en ponerte en <a style=\"color: #000000;\" href=\"https:\/\/latinspirittravel.com\/es\/contactanos\/\" target=\"_blank\" rel=\"noopener\">contacto con nosotros<\/a>.<\/span><\/p>\t\t\t\t\t\t\t\t<\/div>\n\t\t\t\t<\/div>\n\t\t\t\t\t<\/div>\n\t\t<\/div>\n\t\t\t\t\t<\/div>\n\t\t<\/section>\n\t\t\t\t<\/div>\n\t\t","protected":false},"excerpt":{"rendered":"<p>Pol\u00edtica de privacidad de Latin Spirit Travel En Latin Spirit Travel, accesible desde https:\/\/latinspirittravel.com\/, una de nuestras principales prioridades es la privacidad de nuestros visitantes. Este documento de Pol\u00edtica de Privacidad contiene los tipos de informaci\u00f3n que recoge y registra Latin Spirit Travel y c\u00f3mo la utilizamos. Si tienes m\u00e1s preguntas o necesitas m\u00e1s informaci\u00f3n [&hellip;]<\/p>\n","protected":false},"author":1,"featured_media":12254,"parent":0,"menu_order":0,"comment_status":"open","ping_status":"closed","template":"","meta":{"footnotes":""},"class_list":["post-29982","page","type-page","status-publish","has-post-thumbnail","hentry"],"_links":{"self":[{"href":"https:\/\/latinspirittravel.com\/es\/wp-json\/wp\/v2\/pages\/29982","targetHints":{"allow":["GET"]}}],"collection":[{"href":"https:\/\/latinspirittravel.com\/es\/wp-json\/wp\/v2\/pages"}],"about":[{"href":"https:\/\/latinspirittravel.com\/es\/wp-json\/wp\/v2\/types\/page"}],"author":[{"embeddable":true,"href":"https:\/\/latinspirittravel.com\/es\/wp-json\/wp\/v2\/users\/1"}],"replies":[{"embeddable":true,"href":"https:\/\/latinspirittravel.com\/es\/wp-json\/wp\/v2\/comments?post=29982"}],"version-history":[{"count":2,"href":"https:\/\/latinspirittravel.com\/es\/wp-json\/wp\/v2\/pages\/29982\/revisions"}],"predecessor-version":[{"id":52524,"href":"https:\/\/latinspirittravel.com\/es\/wp-json\/wp\/v2\/pages\/29982\/revisions\/52524"}],"wp:featuredmedia":[{"embeddable":true,"href":"https:\/\/latinspirittravel.com\/es\/wp-json\/wp\/v2\/media\/12254"}],"wp:attachment":[{"href":"https:\/\/latinspirittravel.com\/es\/wp-json\/wp\/v2\/media?parent=29982"}],"curies":[{"name":"wp","href":"https:\/\/api.w.org\/{rel}","templated":true}]}}